{"id":1238,"date":"2024-12-19T20:39:33","date_gmt":"2024-12-19T19:39:33","guid":{"rendered":"http:\/\/s1032620136.online.de\/actualites\/"},"modified":"2026-04-09T12:17:11","modified_gmt":"2026-04-09T10:17:11","slug":"actualites","status":"publish","type":"page","link":"https:\/\/www.kinema.fr\/fr\/actualites\/","title":{"rendered":"Actualit\u00e9s"},"content":{"rendered":"<p><div class=\"et_d4_element et_pb_section et_pb_section_0  et_pb_css_mix_blend_mode et_section_regular et_block_section\" >\n\t\t\t\t\n\t\t\t\t\n\t\t\t\t\n\t\t\t\t\n\t\t\t\t\n\t\t\t\t\n\t\t\t\t<div class=\"et_d4_element et_pb_row et_pb_row_0  et_pb_css_mix_blend_mode et_block_row\">\n\t\t\t\t<div class=\"et_d4_element et_pb_column_4_4 et_pb_column et_pb_column_0  et_pb_css_mix_blend_mode et-last-child et_block_column\">\n\t\t\t\t\n\t\t\t\t\n\t\t\t\t\n\t\t\t\t\n\t\t\t\t<div class=\"et_pb_module et_d4_element et_pb_text et_pb_text_0  et_pb_text_align_center et_pb_bg_layout_light\">\n\t\t\t\t\n\t\t\t\t\n\t\t\t\t\n\t\t\t\t\n\t\t\t\t<div class=\"et_pb_text_inner\"><h1>Actualit\u00e9s<\/h1><\/div>\n\t\t\t<\/div>\n\t\t\t<\/div>\n\t\t\t\t\n\t\t\t\t\n\t\t\t\t\n\t\t\t\t\n\t\t\t<\/div>\n\t\t\t\t\n\t\t\t\t\n\t\t\t<\/div><div class=\"et_d4_element et_pb_section et_pb_section_1  et_pb_css_mix_blend_mode et_section_regular et_block_section\" >\n\t\t\t\t\n\t\t\t\t\n\t\t\t\t\n\t\t\t\t\n\t\t\t\t\n\t\t\t\t\n\t\t\t\t<div class=\"et_d4_element et_pb_row et_pb_row_1  et_pb_css_mix_blend_mode et_block_row\">\n\t\t\t\t<div class=\"et_d4_element et_pb_column_4_4 et_pb_column et_pb_column_1  et_pb_css_mix_blend_mode et-last-child et_block_column\">\n\t\t\t\t\n\t\t\t\t\n\t\t\t\t\n\t\t\t\t\n\t\t\t\t<div class=\"et_pb_module et_d4_element et_pb_post_slider et_pb_post_slider_0  et_pb_css_mix_blend_mode et_pb_slider et_pb_post_slider_image_background et_pb_slider_fullwidth_off et_pb_slider_with_overlay\">\n\t\t\t\t\n\t\t\t\t\n\t\t\t\t\n\t\t\t\t\n\t\t\t\t<div class=\"et_pb_slides\">\n\t\t\t\t\t\t\t\t\t<div class=\"et_pb_slide et_pb_bg_layout_dark et_pb_post_slide-2531\"  style=\"background-image: url(https:\/\/www.kinema.fr\/wp-content\/uploads\/2024\/12\/Screenshot-2024-11-25-213044-1.png);\">\n\t\t\t\t\t\t\t\t\t\t\t\t\t<div class=\"et_pb_slide_overlay_container\"><\/div>\n\t\t\t\t\t\t\t\t<div class=\"et_pb_container clearfix\">\n\t\t\t\t\t<div class=\"et_pb_slider_container_inner\">\n\t\t\t\t\t\t\t\t\t\t\t\t<div class=\"et_pb_slide_description\">\n\t\t\t\t\t\t\t\t\t\t\t\t\t\t\t<h2 class=\"et_pb_slide_title\"><a href=\"https:\/\/www.kinema.fr\/fr\/rencontre-de-tiers-lieux-goettingen-2025\/\">Rencontre en tiers-lieu \u00e0 G\u00f6ttingen 2025<\/a><\/h2>\n\t\t\t\t\t\t\t\t<div class=\"et_pb_slide_content\n\t\t\t\t\t\t\t\t\t\t\t\t\t\t\t\t\">\n\t\t\t\t\t\t\t\t\t<div>La rencontre KINEMA en tiers-lieu \u00e0 G\u00f6ttingen, en mai 2025, r\u00e9unira 12 \u00e9coles de Basse-Saxe ainsi que 12 \u00e9coles des r\u00e9gions partenaires de Normandie et d\u2019Aix-Marseille. Les \u00e9l\u00e8ves participeront \u00e0 divers ateliers franco-allemands et exploreront de mani\u00e8re cr\u00e9ative les...<\/div>\t\t\t\t\t\t\t\t<\/div>\n\t\t\t\t\t\t\t\t\t\t\t\t\t\t<div class=\"et_pb_button_wrapper\"><a class=\"et_pb_button et_pb_more_button\" href=\"https:\/\/www.kinema.fr\/fr\/rencontre-de-tiers-lieux-goettingen-2025\/\" data-icon=\"$\">Lire plus<\/a><\/div>\t\t\t\t\t\t<\/div>\n\t\t\t\t\t\t\t\t\t\t\t<\/div>\n\t\t\t\t<\/div>\n\t\t\t<\/div>\n\t\t\t\t\t\t\t\t<div class=\"et_pb_slide et_pb_bg_layout_dark et_pb_post_slide-1617\"  style=\"background-image: url(https:\/\/www.kinema.fr\/wp-content\/uploads\/2025\/03\/festakt_20_Jahre.webp);\">\n\t\t\t\t\t\t\t\t\t\t\t\t\t<div class=\"et_pb_slide_overlay_container\"><\/div>\n\t\t\t\t\t\t\t\t<div class=\"et_pb_container clearfix\">\n\t\t\t\t\t<div class=\"et_pb_slider_container_inner\">\n\t\t\t\t\t\t\t\t\t\t\t\t<div class=\"et_pb_slide_description\">\n\t\t\t\t\t\t\t\t\t\t\t\t\t\t\t<h2 class=\"et_pb_slide_title\"><a href=\"https:\/\/www.kinema.fr\/fr\/20-ans-de-kinema-impressions-de-la-ceremonie\/\">20 ans de KINEMA &#8211; Impressions de la c\u00e9r\u00e9monie<\/a><\/h2>\n\t\t\t\t\t\t\t\t<div class=\"et_pb_slide_content\n\t\t\t\t\t\t\t\t\t\t\t\t\t\t\t\t\">\n\t\t\t\t\t\t\t\t\t<div>Le 15 novembre de l\u2019ann\u00e9e derni\u00e8re, KINEMA a c\u00e9l\u00e9br\u00e9 son 20e anniversaire dans le cadre du Festival international du film de Brunswick. La c\u00e9r\u00e9monie a d\u00e9but\u00e9 par la projection sp\u00e9ciale d\u2019un film franco-allemand, offrant une occasion unique d\u2019\u00e9changer dans la salle de...<\/div>\t\t\t\t\t\t\t\t<\/div>\n\t\t\t\t\t\t\t\t\t\t\t\t\t\t<div class=\"et_pb_button_wrapper\"><a class=\"et_pb_button et_pb_more_button\" href=\"https:\/\/www.kinema.fr\/fr\/20-ans-de-kinema-impressions-de-la-ceremonie\/\" data-icon=\"$\">Lire plus<\/a><\/div>\t\t\t\t\t\t<\/div>\n\t\t\t\t\t\t\t\t\t\t\t<\/div>\n\t\t\t\t<\/div>\n\t\t\t<\/div>\n\t\t\t\t\t\t\t\t<div class=\"et_pb_slide et_pb_bg_layout_dark et_pb_post_slide-1618\"  style=\"background-image: url(https:\/\/www.kinema.fr\/wp-content\/uploads\/2024\/12\/filmgespraeche_02_2025.webp);\">\n\t\t\t\t\t\t\t\t\t\t\t\t\t<div class=\"et_pb_slide_overlay_container\"><\/div>\n\t\t\t\t\t\t\t\t<div class=\"et_pb_container clearfix\">\n\t\t\t\t\t<div class=\"et_pb_slider_container_inner\">\n\t\t\t\t\t\t\t\t\t\t\t\t<div class=\"et_pb_slide_description\">\n\t\t\t\t\t\t\t\t\t\t\t\t\t\t\t<h2 class=\"et_pb_slide_title\"><a href=\"https:\/\/www.kinema.fr\/fr\/cine-debats-2025-avec-pierre-guyard-et-maria-dragus\/\">Rencontres cin\u00e9matographiques 2025 avec Pierre Guyard et Maria Dragus<\/a><\/h2>\n\t\t\t\t\t\t\t\t<div class=\"et_pb_slide_content\n\t\t\t\t\t\t\t\t\t\t\t\t\t\t\t\t\">\n\t\t\t\t\t\t\t\t\t<div>Le 19 f\u00e9vrier 2025 ont eu lieu deux passionnantes rencontres en ligne avec le producteur Pierre Guyard (LE R\u00c8GNE ANIMAL) et l\u2019actrice allemande Maria Dragus (LE RUBAN BLANC). Environ 180 \u00e9l\u00e8ves de Basse-Saxe ont eu l\u2019opportunit\u00e9 unique d\u2019\u00e9changer avec ces deux...<\/div>\t\t\t\t\t\t\t\t<\/div>\n\t\t\t\t\t\t\t\t\t\t\t\t\t\t<div class=\"et_pb_button_wrapper\"><a class=\"et_pb_button et_pb_more_button\" href=\"https:\/\/www.kinema.fr\/fr\/cine-debats-2025-avec-pierre-guyard-et-maria-dragus\/\" data-icon=\"$\">Lire plus<\/a><\/div>\t\t\t\t\t\t<\/div>\n\t\t\t\t\t\t\t\t\t\t\t<\/div>\n\t\t\t\t<\/div>\n\t\t\t<\/div>\n\t\t\t\t\n\t\t\t\t<\/div>\n\t\t\t\t\n\t\t\t<\/div>\n\t\t\t<div class=\"et_pb_with_border et_pb_module et_d4_element et_pb_blog_0  et_pb_css_mix_blend_mode et_pb_blog_grid_wrapper et_pb_bg_layout_light\">\n\t\t\t\t\t<div class=\"et_pb_blog_grid clearfix \">\n\t\t\t\t\t\n\t\t\t\t\t\n\t\t\t\t\t\n\t\t\t\t\t\n\t\t\t\t\t<div class=\"et_pb_ajax_pagination_container\">\n\t\t\t\t\t\t<div class=\"et_pb_salvattore_content\" data-columns>\n\t\t\t<article id=\"post-2531\" class=\"et_pb_post clearfix et_pb_blog_item_0_0 post-2531 post type-post status-publish format-standard has-post-thumbnail hentry category-actualites\">\n\n\t\t\t\t<div class=\"et_pb_image_container\"><a href=\"https:\/\/www.kinema.fr\/fr\/rencontre-de-tiers-lieux-goettingen-2025\/\" class=\"entry-featured-image-url\"><img loading=\"lazy\" decoding=\"async\" src=\"https:\/\/www.kinema.fr\/wp-content\/uploads\/2024\/12\/Screenshot-2024-11-25-213044-1-400x240.png\" alt=\"Rencontre en tiers-lieu \u00e0 G\u00f6ttingen 2025\" class=\"\" srcset=\"https:\/\/www.kinema.fr\/wp-content\/uploads\/2024\/12\/Screenshot-2024-11-25-213044-1.png 479w, https:\/\/www.kinema.fr\/wp-content\/uploads\/2024\/12\/Screenshot-2024-11-25-213044-1-400x240.png 480w \" sizes=\"(max-width:479px) 479px, 100vw \"  width=\"400\" height=\"250\" \/><\/a><\/div>\n\t\t\t\t\t\t\t\t\t\t\t\t\t\t<h2 class=\"entry-title\">\n\t\t\t\t\t\t\t\t\t\t\t\t\t<a href=\"https:\/\/www.kinema.fr\/fr\/rencontre-de-tiers-lieux-goettingen-2025\/\">Rencontre en tiers-lieu \u00e0 G\u00f6ttingen 2025<\/a>\n\t\t\t\t\t\t\t\t\t\t\t<\/h2>\n\t\t\t\t\n\t\t\t\t\t<p class=\"post-meta\"><span class=\"published\">25. Mai 2025<\/span><\/p><div class=\"post-content\"><div class=\"post-content-inner\"><p>La rencontre KINEMA en tiers-lieu \u00e0 G\u00f6ttingen, en mai 2025, r\u00e9unira 12 \u00e9coles de Basse-Saxe ainsi que 12 \u00e9coles des r\u00e9gions partenaires de Normandie et d\u2019Aix-Marseille. Les \u00e9l\u00e8ves participeront \u00e0 divers ateliers franco-allemands et exploreront de mani\u00e8re cr\u00e9ative les...<\/p>\n<\/div><\/div>\t\t\t\n\t\t\t<\/article>\n\t\t\t\t\n\t\t\t<article id=\"post-1617\" class=\"et_pb_post clearfix et_pb_blog_item_0_1 post-1617 post type-post status-publish format-standard has-post-thumbnail hentry category-actualites\">\n\n\t\t\t\t<div class=\"et_pb_image_container\"><a href=\"https:\/\/www.kinema.fr\/fr\/20-ans-de-kinema-impressions-de-la-ceremonie\/\" class=\"entry-featured-image-url\"><img loading=\"lazy\" decoding=\"async\" src=\"https:\/\/www.kinema.fr\/wp-content\/uploads\/2025\/03\/festakt_20_Jahre-400x250.webp\" alt=\"20 ans de KINEMA &#8211; Impressions de la c\u00e9r\u00e9monie\" class=\"\" srcset=\"https:\/\/www.kinema.fr\/wp-content\/uploads\/2025\/03\/festakt_20_Jahre.webp 479w, https:\/\/www.kinema.fr\/wp-content\/uploads\/2025\/03\/festakt_20_Jahre-400x250.webp 480w \" sizes=\"(max-width:479px) 479px, 100vw \"  width=\"400\" height=\"250\" \/><\/a><\/div>\n\t\t\t\t\t\t\t\t\t\t\t\t\t\t<h2 class=\"entry-title\">\n\t\t\t\t\t\t\t\t\t\t\t\t\t<a href=\"https:\/\/www.kinema.fr\/fr\/20-ans-de-kinema-impressions-de-la-ceremonie\/\">20 ans de KINEMA &#8211; Impressions de la c\u00e9r\u00e9monie<\/a>\n\t\t\t\t\t\t\t\t\t\t\t<\/h2>\n\t\t\t\t\n\t\t\t\t\t<p class=\"post-meta\"><span class=\"published\">19. Mar 2025<\/span><\/p><div class=\"post-content\"><div class=\"post-content-inner\"><p>Le 15 novembre de l\u2019ann\u00e9e derni\u00e8re, KINEMA a c\u00e9l\u00e9br\u00e9 son 20e anniversaire dans le cadre du Festival international du film de Brunswick. La c\u00e9r\u00e9monie a d\u00e9but\u00e9 par la projection sp\u00e9ciale d\u2019un film franco-allemand, offrant une occasion unique d\u2019\u00e9changer dans la salle de...<\/p>\n<\/div><\/div>\t\t\t\n\t\t\t<\/article>\n\t\t\t\t\n\t\t\t<article id=\"post-1618\" class=\"et_pb_post clearfix et_pb_blog_item_0_2 post-1618 post type-post status-publish format-standard has-post-thumbnail hentry category-actualites\">\n\n\t\t\t\t<div class=\"et_pb_image_container\"><a href=\"https:\/\/www.kinema.fr\/fr\/cine-debats-2025-avec-pierre-guyard-et-maria-dragus\/\" class=\"entry-featured-image-url\"><img loading=\"lazy\" decoding=\"async\" src=\"https:\/\/www.kinema.fr\/wp-content\/uploads\/2024\/12\/filmgespraeche_02_2025-400x250.webp\" alt=\"Rencontres cin\u00e9matographiques 2025 avec Pierre Guyard et Maria Dragus\" class=\"\" srcset=\"https:\/\/www.kinema.fr\/wp-content\/uploads\/2024\/12\/filmgespraeche_02_2025.webp 479w, https:\/\/www.kinema.fr\/wp-content\/uploads\/2024\/12\/filmgespraeche_02_2025-400x250.webp 480w \" sizes=\"(max-width:479px) 479px, 100vw \"  width=\"400\" height=\"250\" \/><\/a><\/div>\n\t\t\t\t\t\t\t\t\t\t\t\t\t\t<h2 class=\"entry-title\">\n\t\t\t\t\t\t\t\t\t\t\t\t\t<a href=\"https:\/\/www.kinema.fr\/fr\/cine-debats-2025-avec-pierre-guyard-et-maria-dragus\/\">Rencontres cin\u00e9matographiques 2025 avec Pierre Guyard et Maria Dragus<\/a>\n\t\t\t\t\t\t\t\t\t\t\t<\/h2>\n\t\t\t\t\n\t\t\t\t\t<p class=\"post-meta\"><span class=\"published\">20. F\u00e9v 2025<\/span><\/p><div class=\"post-content\"><div class=\"post-content-inner\"><p>Le 19 f\u00e9vrier 2025 ont eu lieu deux passionnantes rencontres en ligne avec le producteur Pierre Guyard (LE R\u00c8GNE ANIMAL) et l\u2019actrice allemande Maria Dragus (LE RUBAN BLANC). Environ 180 \u00e9l\u00e8ves de Basse-Saxe ont eu l\u2019opportunit\u00e9 unique d\u2019\u00e9changer avec ces deux...<\/p>\n<\/div><\/div>\t\t\t\n\t\t\t<\/article>\n\t\t\t\t<\/div>\n\t\t\t\t\t<\/div>\n\t\t\t\t\t<\/div> \n\t\t\t\t<\/div>\n\t\t\t<\/div>\n\t\t\t\t\n\t\t\t\t\n\t\t\t\t\n\t\t\t\t\n\t\t\t<\/div>\n\t\t\t\t\n\t\t\t\t\n\t\t\t<\/div><div class=\"et_d4_element et_pb_section et_pb_section_3 et_pb_with_background  et_pb_css_mix_blend_mode et_section_regular et_block_section\" >\n\t\t\t\t\n\t\t\t\t\n\t\t\t\t\n\t\t\t\t\n\t\t\t\t\n\t\t\t\t\n\t\t\t\t<div class=\"et_d4_element et_pb_row et_pb_row_3 et_pb_equal_columns  et_pb_css_mix_blend_mode et_block_row\">\n\t\t\t\t<div class=\"et_d4_element et_pb_column_1_4 et_pb_column et_pb_column_2  et_pb_css_mix_blend_mode et_block_column\">\n\t\t\t\t\n\t\t\t\t\n\t\t\t\t\n\t\t\t\t\n\t\t\t\t<div class=\"et_pb_module et_d4_element et_pb_text et_pb_text_1  et_pb_text_align_left et_pb_bg_layout_dark\">\n\t\t\t\t\n\t\t\t\t\n\t\t\t\t\n\t\t\t\t\n\t\t\t\t<div class=\"et_pb_text_inner\"><h2>KINEMA<\/h2><\/div>\n\t\t\t<\/div>\n\t\t\t<\/div><div class=\"et_d4_element et_pb_column_1_4 et_pb_column et_pb_column_3  et_pb_css_mix_blend_mode et_block_column et_pb_column_empty\">\n\t\t\t\t\n\t\t\t\t\n\t\t\t\t\n\t\t\t\t\n\t\t\t\t\n\t\t\t<\/div><div class=\"et_d4_element et_pb_column_1_4 et_pb_column et_pb_column_4  et_pb_css_mix_blend_mode et_block_column\">\n\t\t\t\t\n\t\t\t\t\n\t\t\t\t\n\t\t\t\t\n\t\t\t\t<div class=\"et_pb_module et_d4_element et_pb_text et_pb_text_3  et_pb_text_align_left et_pb_bg_layout_dark\">\n\t\t\t\t\n\t\t\t\t\n\t\t\t\t\n\t\t\t\t\n\t\t\t\t<div class=\"et_pb_text_inner\"><h4>Films<\/h4>\n<p><a href=\"\/?page_id=1233\">LE RENDEZ-VOUS DE L'\u00c9T\u00c9<\/a><\/p>\n<p><a href=\"\/?page_id=1233\">MIROIRS NO. 3<\/a><\/p>\n<p><a href=\"\/?page_id=1233\">ZION<\/a><\/div>\n\t\t\t<\/div>\n\t\t\t<\/div><div class=\"et_d4_element et_pb_column_1_4 et_pb_column et_pb_column_5  et_pb_css_mix_blend_mode et-last-child et_block_column\">\n\t\t\t\t\n\t\t\t\t\n\t\t\t\t\n\t\t\t\t\n\t\t\t\t<div class=\"et_pb_module et_d4_element et_pb_text et_pb_text_4  et_pb_text_align_left et_pb_bg_layout_dark\">\n\t\t\t\t\n\t\t\t\t\n\t\t\t\t\n\t\t\t\t\n\t\t\t\t<div class=\"et_pb_text_inner\"><h4>Info<\/h4>\n<p><a href=\"\/?page_id=1225\">Contact<\/a><\/p>\n<p><a href=\"\/?page_id=1651\">Mentions l\u00e9gales<\/a><\/p>\n<p><a href=\"\/?page_id=2239\">Politique de confidentialit\u00e9<\/a><\/p>\n<p><a href=\"\/?page_id=1243\">Calendrier<\/a><\/p><\/div>\n\t\t\t<\/div>\n\t\t\t<\/div>\n\t\t\t\t\n\t\t\t\t\n\t\t\t\t\n\t\t\t\t\n\t\t\t<\/div>\n\t\t\t\t\n\t\t\t\t\n\t\t\t<\/div><\/p>\n","protected":false},"excerpt":{"rendered":"","protected":false},"author":1,"featured_media":0,"parent":0,"menu_order":0,"comment_status":"closed","ping_status":"closed","template":"","meta":{"_et_pb_use_builder":"on","_et_pb_old_content":"","_et_gb_content_width":"","footnotes":""},"class_list":["post-1238","page","type-page","status-publish","hentry"],"yoast_head":"<!-- This site is optimized with the Yoast SEO plugin v27.4 - https:\/\/yoast.com\/product\/yoast-seo-wordpress\/ -->\n<title>Actualit\u00e9s | KINEMA - Deutsch-Franz\u00f6sische Begegnungen rund ums Kino<\/title>\n<meta name=\"description\" content=\"KINEMA versteht sich als dialogisch ausgerichtetes Projekt. Seine wesentlichen Aufgaben bestehen darin, den Dialog \u00fcber kulturelle und sprachliche Grenzen hinweg zu f\u00f6rdern und den Dialog zwischen Filmkunst und Filmerziehung zu intensivieren.\" \/>\n<meta name=\"robots\" content=\"index, follow, max-snippet:-1, max-image-preview:large, max-video-preview:-1\" \/>\n<link rel=\"canonical\" href=\"https:\/\/www.kinema.fr\/fr\/actualites\/\" \/>\n<meta property=\"og:locale\" content=\"fr_FR\" \/>\n<meta property=\"og:type\" content=\"article\" \/>\n<meta property=\"og:title\" content=\"Actualit\u00e9s | KINEMA - Deutsch-Franz\u00f6sische Begegnungen rund ums Kino\" \/>\n<meta property=\"og:description\" content=\"KINEMA versteht sich als dialogisch ausgerichtetes Projekt. Seine wesentlichen Aufgaben bestehen darin, den Dialog \u00fcber kulturelle und sprachliche Grenzen hinweg zu f\u00f6rdern und den Dialog zwischen Filmkunst und Filmerziehung zu intensivieren.\" \/>\n<meta property=\"og:url\" content=\"https:\/\/www.kinema.fr\/fr\/actualites\/\" \/>\n<meta property=\"og:site_name\" content=\"KINEMA - Deutsch-Franz\u00f6sische Begegnungen rund ums Kino\" \/>\n<meta property=\"article:modified_time\" content=\"2026-04-09T10:17:11+00:00\" \/>\n<meta name=\"twitter:card\" content=\"summary_large_image\" \/>\n<meta name=\"twitter:label1\" content=\"Dur\u00e9e de lecture estim\u00e9e\" \/>\n\t<meta name=\"twitter:data1\" content=\"6 minutes\" \/>\n<script type=\"application\/ld+json\" class=\"yoast-schema-graph\">{\"@context\":\"https:\\\/\\\/schema.org\",\"@graph\":[{\"@type\":\"WebPage\",\"@id\":\"https:\\\/\\\/www.kinema.fr\\\/fr\\\/actualites\\\/\",\"url\":\"https:\\\/\\\/www.kinema.fr\\\/fr\\\/actualites\\\/\",\"name\":\"Actualit\u00e9s | KINEMA - Deutsch-Franz\u00f6sische Begegnungen rund ums Kino\",\"isPartOf\":{\"@id\":\"https:\\\/\\\/www.kinema.fr\\\/fr\\\/#website\"},\"datePublished\":\"2024-12-19T19:39:33+00:00\",\"dateModified\":\"2026-04-09T10:17:11+00:00\",\"description\":\"KINEMA versteht sich als dialogisch ausgerichtetes Projekt. Seine wesentlichen Aufgaben bestehen darin, den Dialog \u00fcber kulturelle und sprachliche Grenzen hinweg zu f\u00f6rdern und den Dialog zwischen Filmkunst und Filmerziehung zu intensivieren.\",\"breadcrumb\":{\"@id\":\"https:\\\/\\\/www.kinema.fr\\\/fr\\\/actualites\\\/#breadcrumb\"},\"inLanguage\":\"fr-FR\",\"potentialAction\":[{\"@type\":\"ReadAction\",\"target\":[\"https:\\\/\\\/www.kinema.fr\\\/fr\\\/actualites\\\/\"]}]},{\"@type\":\"BreadcrumbList\",\"@id\":\"https:\\\/\\\/www.kinema.fr\\\/fr\\\/actualites\\\/#breadcrumb\",\"itemListElement\":[{\"@type\":\"ListItem\",\"position\":1,\"name\":\"Startseite\",\"item\":\"https:\\\/\\\/www.kinema.fr\\\/fr\\\/\"},{\"@type\":\"ListItem\",\"position\":2,\"name\":\"Actualit\u00e9s\"}]},{\"@type\":\"WebSite\",\"@id\":\"https:\\\/\\\/www.kinema.fr\\\/fr\\\/#website\",\"url\":\"https:\\\/\\\/www.kinema.fr\\\/fr\\\/\",\"name\":\"KINEMA - DEUTSCH-FRANZ\u00d6SISCHE BEGEGNUNGEN RUND UMS KINO\",\"description\":\"Filmkulturelle Erziehung und interkulturellen Lernen\",\"publisher\":{\"@id\":\"https:\\\/\\\/www.kinema.fr\\\/fr\\\/#organization\"},\"potentialAction\":[{\"@type\":\"SearchAction\",\"target\":{\"@type\":\"EntryPoint\",\"urlTemplate\":\"https:\\\/\\\/www.kinema.fr\\\/fr\\\/?s={search_term_string}\"},\"query-input\":{\"@type\":\"PropertyValueSpecification\",\"valueRequired\":true,\"valueName\":\"search_term_string\"}}],\"inLanguage\":\"fr-FR\"},{\"@type\":\"Organization\",\"@id\":\"https:\\\/\\\/www.kinema.fr\\\/fr\\\/#organization\",\"name\":\"KINEMA\",\"url\":\"https:\\\/\\\/www.kinema.fr\\\/fr\\\/\",\"logo\":{\"@type\":\"ImageObject\",\"inLanguage\":\"fr-FR\",\"@id\":\"https:\\\/\\\/www.kinema.fr\\\/fr\\\/#\\\/schema\\\/logo\\\/image\\\/\",\"url\":\"https:\\\/\\\/www.kinema.fr\\\/wp-content\\\/uploads\\\/2024\\\/12\\\/Screenshot-2024-11-25-213044.png\",\"contentUrl\":\"https:\\\/\\\/www.kinema.fr\\\/wp-content\\\/uploads\\\/2024\\\/12\\\/Screenshot-2024-11-25-213044.png\",\"width\":417,\"height\":240,\"caption\":\"KINEMA\"},\"image\":{\"@id\":\"https:\\\/\\\/www.kinema.fr\\\/fr\\\/#\\\/schema\\\/logo\\\/image\\\/\"}}]}<\/script>\n<!-- \/ Yoast SEO plugin. -->","yoast_head_json":{"title":"Actualit\u00e9s | KINEMA - Deutsch-Franz\u00f6sische Begegnungen rund ums Kino","description":"KINEMA versteht sich als dialogisch ausgerichtetes Projekt. Seine wesentlichen Aufgaben bestehen darin, den Dialog \u00fcber kulturelle und sprachliche Grenzen hinweg zu f\u00f6rdern und den Dialog zwischen Filmkunst und Filmerziehung zu intensivieren.","robots":{"index":"index","follow":"follow","max-snippet":"max-snippet:-1","max-image-preview":"max-image-preview:large","max-video-preview":"max-video-preview:-1"},"canonical":"https:\/\/www.kinema.fr\/fr\/actualites\/","og_locale":"fr_FR","og_type":"article","og_title":"Actualit\u00e9s | KINEMA - Deutsch-Franz\u00f6sische Begegnungen rund ums Kino","og_description":"KINEMA versteht sich als dialogisch ausgerichtetes Projekt. Seine wesentlichen Aufgaben bestehen darin, den Dialog \u00fcber kulturelle und sprachliche Grenzen hinweg zu f\u00f6rdern und den Dialog zwischen Filmkunst und Filmerziehung zu intensivieren.","og_url":"https:\/\/www.kinema.fr\/fr\/actualites\/","og_site_name":"KINEMA - Deutsch-Franz\u00f6sische Begegnungen rund ums Kino","article_modified_time":"2026-04-09T10:17:11+00:00","twitter_card":"summary_large_image","twitter_misc":{"Dur\u00e9e de lecture estim\u00e9e":"6 minutes"},"schema":{"@context":"https:\/\/schema.org","@graph":[{"@type":"WebPage","@id":"https:\/\/www.kinema.fr\/fr\/actualites\/","url":"https:\/\/www.kinema.fr\/fr\/actualites\/","name":"Actualit\u00e9s | KINEMA - Deutsch-Franz\u00f6sische Begegnungen rund ums Kino","isPartOf":{"@id":"https:\/\/www.kinema.fr\/fr\/#website"},"datePublished":"2024-12-19T19:39:33+00:00","dateModified":"2026-04-09T10:17:11+00:00","description":"KINEMA versteht sich als dialogisch ausgerichtetes Projekt. Seine wesentlichen Aufgaben bestehen darin, den Dialog \u00fcber kulturelle und sprachliche Grenzen hinweg zu f\u00f6rdern und den Dialog zwischen Filmkunst und Filmerziehung zu intensivieren.","breadcrumb":{"@id":"https:\/\/www.kinema.fr\/fr\/actualites\/#breadcrumb"},"inLanguage":"fr-FR","potentialAction":[{"@type":"ReadAction","target":["https:\/\/www.kinema.fr\/fr\/actualites\/"]}]},{"@type":"BreadcrumbList","@id":"https:\/\/www.kinema.fr\/fr\/actualites\/#breadcrumb","itemListElement":[{"@type":"ListItem","position":1,"name":"Startseite","item":"https:\/\/www.kinema.fr\/fr\/"},{"@type":"ListItem","position":2,"name":"Actualit\u00e9s"}]},{"@type":"WebSite","@id":"https:\/\/www.kinema.fr\/fr\/#website","url":"https:\/\/www.kinema.fr\/fr\/","name":"KINEMA - DEUTSCH-FRANZ\u00d6SISCHE BEGEGNUNGEN RUND UMS KINO","description":"Filmkulturelle Erziehung und interkulturellen Lernen","publisher":{"@id":"https:\/\/www.kinema.fr\/fr\/#organization"},"potentialAction":[{"@type":"SearchAction","target":{"@type":"EntryPoint","urlTemplate":"https:\/\/www.kinema.fr\/fr\/?s={search_term_string}"},"query-input":{"@type":"PropertyValueSpecification","valueRequired":true,"valueName":"search_term_string"}}],"inLanguage":"fr-FR"},{"@type":"Organization","@id":"https:\/\/www.kinema.fr\/fr\/#organization","name":"KINEMA","url":"https:\/\/www.kinema.fr\/fr\/","logo":{"@type":"ImageObject","inLanguage":"fr-FR","@id":"https:\/\/www.kinema.fr\/fr\/#\/schema\/logo\/image\/","url":"https:\/\/www.kinema.fr\/wp-content\/uploads\/2024\/12\/Screenshot-2024-11-25-213044.png","contentUrl":"https:\/\/www.kinema.fr\/wp-content\/uploads\/2024\/12\/Screenshot-2024-11-25-213044.png","width":417,"height":240,"caption":"KINEMA"},"image":{"@id":"https:\/\/www.kinema.fr\/fr\/#\/schema\/logo\/image\/"}}]}},"_links":{"self":[{"href":"https:\/\/www.kinema.fr\/fr\/wp-json\/wp\/v2\/pages\/1238","targetHints":{"allow":["GET"]}}],"collection":[{"href":"https:\/\/www.kinema.fr\/fr\/wp-json\/wp\/v2\/pages"}],"about":[{"href":"https:\/\/www.kinema.fr\/fr\/wp-json\/wp\/v2\/types\/page"}],"author":[{"embeddable":true,"href":"https:\/\/www.kinema.fr\/fr\/wp-json\/wp\/v2\/users\/1"}],"replies":[{"embeddable":true,"href":"https:\/\/www.kinema.fr\/fr\/wp-json\/wp\/v2\/comments?post=1238"}],"version-history":[{"count":18,"href":"https:\/\/www.kinema.fr\/fr\/wp-json\/wp\/v2\/pages\/1238\/revisions"}],"predecessor-version":[{"id":3125,"href":"https:\/\/www.kinema.fr\/fr\/wp-json\/wp\/v2\/pages\/1238\/revisions\/3125"}],"wp:attachment":[{"href":"https:\/\/www.kinema.fr\/fr\/wp-json\/wp\/v2\/media?parent=1238"}],"curies":[{"name":"wp","href":"https:\/\/api.w.org\/{rel}","templated":true}]}}