{"id":1651,"date":"2025-03-19T22:21:32","date_gmt":"2025-03-19T21:21:32","guid":{"rendered":"http:\/\/s1032620136.online.de\/mentions-legales\/"},"modified":"2026-04-09T12:17:01","modified_gmt":"2026-04-09T10:17:01","slug":"mentions-legales","status":"publish","type":"page","link":"https:\/\/www.kinema.fr\/fr\/mentions-legales\/","title":{"rendered":"Mentions l\u00e9gales"},"content":{"rendered":"<p><div class=\"et_d4_element et_pb_section et_pb_section_0  et_pb_css_mix_blend_mode et_section_regular et_block_section\" >\n\t\t\t\t\n\t\t\t\t\n\t\t\t\t\n\t\t\t\t\n\t\t\t\t\n\t\t\t\t\n\t\t\t\t<div class=\"et_d4_element et_pb_row et_pb_row_0  et_pb_css_mix_blend_mode et_block_row\">\n\t\t\t\t<div class=\"et_d4_element et_pb_column_3_5 et_pb_column et_pb_column_0  et_pb_css_mix_blend_mode et_block_column\">\n\t\t\t\t\n\t\t\t\t\n\t\t\t\t\n\t\t\t\t\n\t\t\t\t<div class=\"et_pb_module et_d4_element et_pb_text et_pb_text_0  et_pb_text_align_left et_pb_bg_layout_light\">\n\t\t\t\t\n\t\t\t\t\n\t\t\t\t\n\t\t\t\t\n\t\t\t\t<div class=\"et_pb_text_inner\"><h1>Mentions l\u00e9gales<\/h1><\/div>\n\t\t\t<\/div><div class=\"et_pb_module et_d4_element et_pb_text et_pb_text_1  et_pb_text_align_left et_pb_bg_layout_light\">\n\t\t\t\t\n\t\t\t\t\n\t\t\t\t\n\t\t\t\t\n\t\t\t\t<div class=\"et_pb_text_inner\"><p>Le site Internet www.kinema.fr a \u00e9t\u00e9 cr\u00e9\u00e9 par<\/p>\n<h2>KINEMA<\/h2>\n<p>c\/o Gymnasium Ernestinum<br \/>Paul-Erdni\u00df-Stra\u00dfe 1<br \/>31737 Rinteln<\/p>\n<p>Contact : Sylvia Bohle<\/p>\n<p>info@kinema.fr<br \/>T\u00e9l. : 05751 41476<br \/>Fax : 05751 3145<\/p>\n<p>Responsables du contenu conform\u00e9ment au \u00a7 6 MDStV : Johannes Wilts, Sylvia Bohle, Carolin Oelke<\/p><\/div>\n\t\t\t<\/div>\n\t\t\t<\/div><div class=\"et_d4_element et_pb_column_2_5 et_pb_column et_pb_column_1  et_pb_css_mix_blend_mode et-last-child et_block_column\">\n\t\t\t\t\n\t\t\t\t\n\t\t\t\t\n\t\t\t\t\n\t\t\t\t<div class=\"et_pb_module et_d4_element et_pb_divider_0 et_pb_space et_pb_divider_hidden\"><div class=\"et_pb_divider_internal\"><\/div><\/div><div class=\"et_pb_module et_d4_element et_pb_image et_pb_image_0\">\n\t\t\t\t\n\t\t\t\t\n\t\t\t\t\n\t\t\t\t\n\t\t\t\t<span class=\"et_pb_image_wrap \"><img loading=\"lazy\" decoding=\"async\" width=\"600\" height=\"900\" src=\"https:\/\/www.kinema.fr\/wp-content\/uploads\/2024\/12\/kinema_glossar.webp\" alt=\"\" title=\"kinema_glossaire\" srcset=\"https:\/\/www.kinema.fr\/wp-content\/uploads\/2024\/12\/kinema_glossar.webp 600w, https:\/\/www.kinema.fr\/wp-content\/uploads\/2024\/12\/kinema_glossar-480x720.webp 480w\" sizes=\"(min-width: 0px) and (max-width: 480px) 480px, (min-width: 481px) 600px, 100vw\" class=\"wp-image-641\" \/><\/span>\n\t\t\t<\/div>\n\t\t\t<\/div>\n\t\t\t\t\n\t\t\t\t\n\t\t\t\t\n\t\t\t\t\n\t\t\t<\/div><div class=\"et_d4_element et_pb_row et_pb_row_1  et_pb_css_mix_blend_mode et_block_row\">\n\t\t\t\t<div class=\"et_d4_element et_pb_column_4_4 et_pb_column et_pb_column_2  et_pb_css_mix_blend_mode et-last-child et_block_column\">\n\t\t\t\t\n\t\t\t\t\n\t\t\t\t\n\t\t\t\t\n\t\t\t\t<div class=\"et_pb_module et_d4_element et_pb_text et_pb_text_2  et_pb_text_align_left et_pb_bg_layout_light\">\n\t\t\t\t\n\t\t\t\t\n\t\t\t\t\n\t\t\t\t\n\t\t\t\t<div class=\"et_pb_text_inner\"><h2 class=\"et_pb_module_header\">Clause de non-responsabilit\u00e9<\/h2>\n<div>\n<p>1. contenu de l'offre en ligne<\/p>\n<p>L'auteur ne garantit pas l'actualit\u00e9, l'exactitude, l'exhaustivit\u00e9 ou la qualit\u00e9 des informations fournies. L'auteur ne saurait \u00eatre tenu pour responsable des dommages mat\u00e9riels ou immat\u00e9riels caus\u00e9s par l'utilisation ou la non-utilisation des informations pr\u00e9sent\u00e9es ou par l'utilisation d'informations erron\u00e9es ou incompl\u00e8tes, dans la mesure o\u00f9 il n'est pas prouv\u00e9 que l'auteur a commis une faute intentionnelle ou une n\u00e9gligence grave. <\/p>\n<p>Toutes les offres sont sans engagement et non contractuelles. L'auteur se r\u00e9serve express\u00e9ment le droit de modifier, de compl\u00e9ter ou de supprimer des parties de pages ou l'ensemble de l'offre sans avis pr\u00e9alable, ou d'en suspendre temporairement ou d\u00e9finitivement la publication. <\/p>\n<p>2. r\u00e9f\u00e9rences et liens<\/p>\n<p>En cas de renvois directs ou indirects \u00e0 des sites Internet \u00e9trangers (\"hyperliens\") qui ne rel\u00e8vent pas de la responsabilit\u00e9 de l'auteur, la responsabilit\u00e9 de ce dernier ne pourrait \u00eatre engag\u00e9e que s'il avait connaissance des contenus et qu'il lui \u00e9tait techniquement possible et raisonnable d'emp\u00eacher leur utilisation en cas de contenus ill\u00e9gaux.<\/p>\n<p>L'auteur d\u00e9clare express\u00e9ment par la pr\u00e9sente qu'au moment de l'\u00e9tablissement des liens, aucun contenu ill\u00e9gal n'\u00e9tait identifiable sur les pages \u00e0 relier. L'auteur n'a aucune influence sur la conception actuelle et future, les contenus ou la paternit\u00e9 des pages li\u00e9es\/associ\u00e9es. C'est pourquoi il se distancie express\u00e9ment par la pr\u00e9sente de tous les contenus de toutes les pages li\u00e9es\/associ\u00e9es qui ont \u00e9t\u00e9 modifi\u00e9es apr\u00e8s la cr\u00e9ation des liens. Cette constatation s'applique \u00e0 tous les liens et renvois plac\u00e9s au sein de sa propre offre Internet ainsi qu'aux inscriptions de tiers dans les livres d'or, forums de discussion, r\u00e9pertoires de liens, listes de diffusion et dans toutes les autres formes de bases de donn\u00e9es cr\u00e9\u00e9es par l'auteur et dont le contenu peut \u00eatre modifi\u00e9 par des tiers. Seul le fournisseur de la page \u00e0 laquelle il a \u00e9t\u00e9 renvoy\u00e9 est responsable des contenus ill\u00e9gaux, erron\u00e9s ou incomplets et en particulier des dommages r\u00e9sultant de l'utilisation ou de la non-utilisation des informations ainsi pr\u00e9sent\u00e9es, et non celui qui ne fait que renvoyer \u00e0 la publication concern\u00e9e par le biais de liens.    <\/p>\n<p>3. droit d'auteur et droit des signes distinctifs<\/p>\n<p>L'auteur s'efforce de respecter dans toutes les publications les droits d'auteur des images, graphiques, documents sonores, s\u00e9quences vid\u00e9o et textes utilis\u00e9s, d'utiliser des images, graphiques, documents sonores, s\u00e9quences vid\u00e9o et textes qu'il a lui-m\u00eame cr\u00e9\u00e9s ou de recourir \u00e0 des graphiques, documents sonores, s\u00e9quences vid\u00e9o et textes libres de droits.<\/p>\n<p>Toutes les marques et marques d\u00e9pos\u00e9es mentionn\u00e9es dans l'offre Internet et \u00e9ventuellement prot\u00e9g\u00e9es par des tiers sont soumises sans restriction aux dispositions du droit des marques en vigueur et aux droits de propri\u00e9t\u00e9 des propri\u00e9taires enregistr\u00e9s respectifs. La simple mention d'une marque ne permet pas d'en d\u00e9duire qu'elle n'est pas prot\u00e9g\u00e9e par des droits de tiers ! <\/p>\n<p>Le copyright des objets publi\u00e9s et cr\u00e9\u00e9s par l'auteur lui-m\u00eame reste la propri\u00e9t\u00e9 exclusive de l'auteur des pages. Toute reproduction ou utilisation de tels graphiques, documents sonores, s\u00e9quences vid\u00e9o et textes dans d'autres publications \u00e9lectroniques ou imprim\u00e9es est interdite sans l'autorisation expresse de l'auteur. <\/p>\n<p>4. validit\u00e9 juridique de la pr\u00e9sente clause de non-responsabilit\u00e9<\/p>\n<p>La pr\u00e9sente exclusion de responsabilit\u00e9 doit \u00eatre consid\u00e9r\u00e9e comme faisant partie int\u00e9grante de l'offre Internet \u00e0 partir de laquelle il a \u00e9t\u00e9 fait r\u00e9f\u00e9rence \u00e0 cette page. Si des parties ou certaines formulations de ce texte ne devaient pas, plus ou pas enti\u00e8rement correspondre \u00e0 la situation juridique en vigueur, les autres parties du document n'en seraient pas affect\u00e9es dans leur contenu et leur validit\u00e9. <\/p>\n<\/div><\/div>\n\t\t\t<\/div>\n\t\t\t<\/div>\n\t\t\t\t\n\t\t\t\t\n\t\t\t\t\n\t\t\t\t\n\t\t\t<\/div>\n\t\t\t\t\n\t\t\t\t\n\t\t\t<\/div><div class=\"et_d4_element et_pb_section et_pb_section_2  et_pb_css_mix_blend_mode et_section_regular et_block_section\" >\n\t\t\t\t\n\t\t\t\t\n\t\t\t\t\n\t\t\t\t\n\t\t\t\t\n\t\t\t\t\n\t\t\t\t<div class=\"et_d4_element et_pb_row et_pb_row_2  et_pb_css_mix_blend_mode et_block_row\">\n\t\t\t\t<div class=\"et_d4_element et_pb_column_4_4 et_pb_column et_pb_column_3  et_pb_css_mix_blend_mode et-last-child et_block_column\">\n\t\t\t\t\n\t\t\t\t\n\t\t\t\t\n\t\t\t\t\n\t\t\t\t<div class=\"et_pb_module et_d4_element et_pb_divider et_pb_divider_1 et_pb_space\"><div class=\"et_pb_divider_internal\"><\/div><\/div>\n\t\t\t<\/div>\n\t\t\t\t\n\t\t\t\t\n\t\t\t\t\n\t\t\t\t\n\t\t\t<\/div><div class=\"et_d4_element et_pb_row et_pb_row_3  et_pb_css_mix_blend_mode et_block_row\">\n\t\t\t\t<div class=\"et_d4_element et_pb_column_1_4 et_pb_column et_pb_column_4  et_pb_css_mix_blend_mode et_block_column\">\n\t\t\t\t\n\t\t\t\t\n\t\t\t\t\n\t\t\t\t\n\t\t\t\t<div class=\"et_pb_module et_d4_element et_pb_image et_pb_image_1\">\n\t\t\t\t\n\t\t\t\t\n\t\t\t\t\n\t\t\t\t\n\t\t\t\t<a href=\"http:\/\/www.mk.niedersachsen.de\/startseite\/\" target=\"_blank\"><span class=\"et_pb_image_wrap \"><img loading=\"lazy\" decoding=\"async\" width=\"148\" height=\"109\" src=\"https:\/\/www.kinema.fr\/wp-content\/uploads\/2024\/12\/land_bs.jpg\" alt=\"\" title=\"pays_bs\" class=\"wp-image-376\" \/><\/span><\/a>\n\t\t\t<\/div><div class=\"et_pb_module et_d4_element et_pb_image et_pb_image_2\">\n\t\t\t\t\n\t\t\t\t\n\t\t\t\t\n\t\t\t\t\n\t\t\t\t<a href=\"http:\/\/www.ofaj.org\/\" target=\"_blank\"><span class=\"et_pb_image_wrap \"><img loading=\"lazy\" decoding=\"async\" width=\"100\" height=\"78\" src=\"https:\/\/www.kinema.fr\/wp-content\/uploads\/2024\/12\/ofaj_dfjw.jpg\" alt=\"\" title=\"ofaj_dfjw\" class=\"wp-image-382\" \/><\/span><\/a>\n\t\t\t<\/div>\n\t\t\t<\/div><div class=\"et_d4_element et_pb_column_1_4 et_pb_column et_pb_column_5  et_pb_css_mix_blend_mode et_block_column\">\n\t\t\t\t\n\t\t\t\t\n\t\t\t\t\n\t\t\t\t\n\t\t\t\t<div class=\"et_pb_module et_d4_element et_pb_image et_pb_image_3\">\n\t\t\t\t\n\t\t\t\t\n\t\t\t\t\n\t\t\t\t\n\t\t\t\t<a href=\"http:\/\/www.ac-normandie.fr\/\" target=\"_blank\"><span class=\"et_pb_image_wrap \"><img loading=\"lazy\" decoding=\"async\" width=\"168\" height=\"110\" src=\"https:\/\/www.kinema.fr\/wp-content\/uploads\/2025\/03\/Logo_Ac-Normandie_RVB_1.webp\" alt=\"\" title=\"Logo_Ac-Normandie_RVB_1\" class=\"wp-image-2284\" \/><\/span><\/a>\n\t\t\t<\/div><div class=\"et_pb_module et_d4_element et_pb_image et_pb_image_4\">\n\t\t\t\t\n\t\t\t\t\n\t\t\t\t\n\t\t\t\t\n\t\t\t\t<a href=\"http:\/\/www.filmfest-braunschweig.de\/\" target=\"_blank\"><span class=\"et_pb_image_wrap \"><img loading=\"lazy\" decoding=\"async\" width=\"72\" height=\"79\" src=\"https:\/\/www.kinema.fr\/wp-content\/uploads\/2024\/12\/logo_filmfest.jpg\" alt=\"\" title=\"Impression\" class=\"wp-image-379\" \/><\/span><\/a>\n\t\t\t<\/div>\n\t\t\t<\/div><div class=\"et_d4_element et_pb_column_1_4 et_pb_column et_pb_column_6  et_pb_css_mix_blend_mode et_block_column\">\n\t\t\t\t\n\t\t\t\t\n\t\t\t\t\n\t\t\t\t\n\t\t\t\t<div class=\"et_pb_module et_d4_element et_pb_image et_pb_image_5\">\n\t\t\t\t\n\t\t\t\t\n\t\t\t\t\n\t\t\t\t\n\t\t\t\t<a href=\"http:\/\/www.ac-aix-marseille.fr\/la-region-academique-provence-alpes-cote-d-azur-121441\" target=\"_blank\"><span class=\"et_pb_image_wrap \"><img loading=\"lazy\" decoding=\"async\" width=\"180\" height=\"104\" src=\"https:\/\/www.kinema.fr\/wp-content\/uploads\/2024\/12\/Logo_ac_PACA.jpg\" alt=\"\" title=\"Logo_ac_PACA\" class=\"wp-image-378\" \/><\/span><\/a>\n\t\t\t<\/div><div class=\"et_pb_module et_d4_element et_pb_image et_pb_image_6\">\n\t\t\t\t\n\t\t\t\t\n\t\t\t\t\n\t\t\t\t\n\t\t\t\t<a href=\"https:\/\/www.normandie.fr\" target=\"_blank\"><span class=\"et_pb_image_wrap \"><img loading=\"lazy\" decoding=\"async\" width=\"107\" height=\"80\" src=\"https:\/\/www.kinema.fr\/wp-content\/uploads\/2025\/03\/logo-region-normandie-rvb.jpg\" alt=\"\" title=\"logo-r\u00e9gion-normandie-rvb\" class=\"wp-image-1572\" \/><\/span><\/a>\n\t\t\t<\/div>\n\t\t\t<\/div><div class=\"et_d4_element et_pb_column_1_4 et_pb_column et_pb_column_7  et_pb_css_mix_blend_mode et-last-child et_block_column\">\n\t\t\t\t\n\t\t\t\t\n\t\t\t\t\n\t\t\t\t\n\t\t\t\t<div class=\"et_pb_module et_d4_element et_pb_image et_pb_image_7\">\n\t\t\t\t\n\t\t\t\t\n\t\t\t\t\n\t\t\t\t\n\t\t\t\t<a href=\"http:\/\/www.metropolregion.de\/france\" target=\"_blank\"><span class=\"et_pb_image_wrap \"><img loading=\"lazy\" decoding=\"async\" width=\"179\" height=\"80\" src=\"https:\/\/www.kinema.fr\/wp-content\/uploads\/2024\/12\/AM_MR_Verbundlogo.jpg\" alt=\"\" title=\"Logo de l&#039;alliance AM_MR\" class=\"wp-image-375\" \/><\/span><\/a>\n\t\t\t<\/div><div class=\"et_pb_module et_d4_element et_pb_image et_pb_image_8\">\n\t\t\t\t\n\t\t\t\t\n\t\t\t\t\n\t\t\t\t\n\t\t\t\t<span class=\"et_pb_image_wrap \"><img loading=\"lazy\" decoding=\"async\" width=\"100\" height=\"62\" src=\"https:\/\/www.kinema.fr\/wp-content\/uploads\/2024\/12\/Logo-Kinema-eV.jpg\" alt=\"\" title=\"Logo-Kinema-eV\" class=\"wp-image-380\" \/><\/span>\n\t\t\t<\/div>\n\t\t\t<\/div>\n\t\t\t\t\n\t\t\t\t\n\t\t\t\t\n\t\t\t\t\n\t\t\t<\/div>\n\t\t\t\t\n\t\t\t\t\n\t\t\t<\/div><div class=\"et_d4_element et_pb_section et_pb_section_4 et_pb_with_background  et_pb_css_mix_blend_mode et_section_regular et_block_section\" >\n\t\t\t\t\n\t\t\t\t\n\t\t\t\t\n\t\t\t\t\n\t\t\t\t\n\t\t\t\t\n\t\t\t\t<div class=\"et_d4_element et_pb_row et_pb_row_5 et_pb_equal_columns  et_pb_css_mix_blend_mode et_block_row\">\n\t\t\t\t<div class=\"et_d4_element et_pb_column_1_4 et_pb_column et_pb_column_8  et_pb_css_mix_blend_mode et_block_column\">\n\t\t\t\t\n\t\t\t\t\n\t\t\t\t\n\t\t\t\t\n\t\t\t\t<div class=\"et_pb_module et_d4_element et_pb_text et_pb_text_3  et_pb_text_align_left et_pb_bg_layout_dark\">\n\t\t\t\t\n\t\t\t\t\n\t\t\t\t\n\t\t\t\t\n\t\t\t\t<div class=\"et_pb_text_inner\"><h2>KINEMA<\/h2><\/div>\n\t\t\t<\/div>\n\t\t\t<\/div><div class=\"et_d4_element et_pb_column_1_4 et_pb_column et_pb_column_9  et_pb_css_mix_blend_mode et_block_column et_pb_column_empty\">\n\t\t\t\t\n\t\t\t\t\n\t\t\t\t\n\t\t\t\t\n\t\t\t\t\n\t\t\t<\/div><div class=\"et_d4_element et_pb_column_1_4 et_pb_column et_pb_column_10  et_pb_css_mix_blend_mode et_block_column\">\n\t\t\t\t\n\t\t\t\t\n\t\t\t\t\n\t\t\t\t\n\t\t\t\t<div class=\"et_pb_module et_d4_element et_pb_text et_pb_text_5  et_pb_text_align_left et_pb_bg_layout_dark\">\n\t\t\t\t\n\t\t\t\t\n\t\t\t\t\n\t\t\t\t\n\t\t\t\t<div class=\"et_pb_text_inner\"><h4>Films<\/h4>\n<p><a href=\"\/?page_id=1233\">LE RENDEZ-VOUS DE L'\u00c9T\u00c9<\/a><\/p>\n<p><a href=\"\/?page_id=1233\">MIROIRS NO. 3<\/a><\/p>\n<p><a href=\"\/?page_id=1233\">ZION<\/a><\/div>\n\t\t\t<\/div>\n\t\t\t<\/div><div class=\"et_d4_element et_pb_column_1_4 et_pb_column et_pb_column_11  et_pb_css_mix_blend_mode et-last-child et_block_column\">\n\t\t\t\t\n\t\t\t\t\n\t\t\t\t\n\t\t\t\t\n\t\t\t\t<div class=\"et_pb_module et_d4_element et_pb_text et_pb_text_6  et_pb_text_align_left et_pb_bg_layout_dark\">\n\t\t\t\t\n\t\t\t\t\n\t\t\t\t\n\t\t\t\t\n\t\t\t\t<div class=\"et_pb_text_inner\"><h4>Info<\/h4>\n<p><a href=\"\/?page_id=1225\">Contact<\/a><\/p>\n<p><a href=\"\/?page_id=1651\">Mentions l\u00e9gales<\/a><\/p>\n<p><a href=\"\/?page_id=2239\">Politique de confidentialit\u00e9<\/a><\/p>\n<p><a href=\"\/?page_id=1243\">Calendrier<\/a><\/p><\/div>\n\t\t\t<\/div>\n\t\t\t<\/div>\n\t\t\t\t\n\t\t\t\t\n\t\t\t\t\n\t\t\t\t\n\t\t\t<\/div>\n\t\t\t\t\n\t\t\t\t\n\t\t\t<\/div><\/p>\n","protected":false},"excerpt":{"rendered":"","protected":false},"author":1,"featured_media":0,"parent":0,"menu_order":0,"comment_status":"closed","ping_status":"closed","template":"","meta":{"_et_pb_use_builder":"on","_et_pb_old_content":"","_et_gb_content_width":"","footnotes":""},"class_list":["post-1651","page","type-page","status-publish","hentry"],"yoast_head":"<!-- This site is optimized with the Yoast SEO plugin v27.4 - https:\/\/yoast.com\/product\/yoast-seo-wordpress\/ -->\n<title>Mentions l\u00e9gales | KINEMA - Deutsch-Franz\u00f6sische Begegnungen rund ums Kino<\/title>\n<meta name=\"description\" content=\"KINEMA versteht sich als dialogisch ausgerichtetes Projekt. Seine wesentlichen Aufgaben bestehen darin, den Dialog \u00fcber kulturelle und sprachliche Grenzen hinweg zu f\u00f6rdern und den Dialog zwischen Filmkunst und Filmerziehung zu intensivieren.\" \/>\n<meta name=\"robots\" content=\"index, follow, max-snippet:-1, max-image-preview:large, max-video-preview:-1\" \/>\n<link rel=\"canonical\" href=\"https:\/\/www.kinema.fr\/fr\/mentions-legales\/\" \/>\n<meta property=\"og:locale\" content=\"fr_FR\" \/>\n<meta property=\"og:type\" content=\"article\" \/>\n<meta property=\"og:title\" content=\"Mentions l\u00e9gales | KINEMA - Deutsch-Franz\u00f6sische Begegnungen rund ums Kino\" \/>\n<meta property=\"og:description\" content=\"KINEMA versteht sich als dialogisch ausgerichtetes Projekt. Seine wesentlichen Aufgaben bestehen darin, den Dialog \u00fcber kulturelle und sprachliche Grenzen hinweg zu f\u00f6rdern und den Dialog zwischen Filmkunst und Filmerziehung zu intensivieren.\" \/>\n<meta property=\"og:url\" content=\"https:\/\/www.kinema.fr\/fr\/mentions-legales\/\" \/>\n<meta property=\"og:site_name\" content=\"KINEMA - Deutsch-Franz\u00f6sische Begegnungen rund ums Kino\" \/>\n<meta property=\"article:modified_time\" content=\"2026-04-09T10:17:01+00:00\" \/>\n<meta name=\"twitter:card\" content=\"summary_large_image\" \/>\n<meta name=\"twitter:label1\" content=\"Dur\u00e9e de lecture estim\u00e9e\" \/>\n\t<meta name=\"twitter:data1\" content=\"10 minutes\" \/>\n<script type=\"application\/ld+json\" class=\"yoast-schema-graph\">{\"@context\":\"https:\\\/\\\/schema.org\",\"@graph\":[{\"@type\":\"WebPage\",\"@id\":\"https:\\\/\\\/www.kinema.fr\\\/fr\\\/mentions-legales\\\/\",\"url\":\"https:\\\/\\\/www.kinema.fr\\\/fr\\\/mentions-legales\\\/\",\"name\":\"Mentions l\u00e9gales | KINEMA - Deutsch-Franz\u00f6sische Begegnungen rund ums Kino\",\"isPartOf\":{\"@id\":\"https:\\\/\\\/www.kinema.fr\\\/fr\\\/#website\"},\"datePublished\":\"2025-03-19T21:21:32+00:00\",\"dateModified\":\"2026-04-09T10:17:01+00:00\",\"description\":\"KINEMA versteht sich als dialogisch ausgerichtetes Projekt. Seine wesentlichen Aufgaben bestehen darin, den Dialog \u00fcber kulturelle und sprachliche Grenzen hinweg zu f\u00f6rdern und den Dialog zwischen Filmkunst und Filmerziehung zu intensivieren.\",\"breadcrumb\":{\"@id\":\"https:\\\/\\\/www.kinema.fr\\\/fr\\\/mentions-legales\\\/#breadcrumb\"},\"inLanguage\":\"fr-FR\",\"potentialAction\":[{\"@type\":\"ReadAction\",\"target\":[\"https:\\\/\\\/www.kinema.fr\\\/fr\\\/mentions-legales\\\/\"]}]},{\"@type\":\"BreadcrumbList\",\"@id\":\"https:\\\/\\\/www.kinema.fr\\\/fr\\\/mentions-legales\\\/#breadcrumb\",\"itemListElement\":[{\"@type\":\"ListItem\",\"position\":1,\"name\":\"Startseite\",\"item\":\"https:\\\/\\\/www.kinema.fr\\\/fr\\\/\"},{\"@type\":\"ListItem\",\"position\":2,\"name\":\"Mentions l\u00e9gales\"}]},{\"@type\":\"WebSite\",\"@id\":\"https:\\\/\\\/www.kinema.fr\\\/fr\\\/#website\",\"url\":\"https:\\\/\\\/www.kinema.fr\\\/fr\\\/\",\"name\":\"KINEMA - DEUTSCH-FRANZ\u00d6SISCHE BEGEGNUNGEN RUND UMS KINO\",\"description\":\"Filmkulturelle Erziehung und interkulturellen Lernen\",\"publisher\":{\"@id\":\"https:\\\/\\\/www.kinema.fr\\\/fr\\\/#organization\"},\"potentialAction\":[{\"@type\":\"SearchAction\",\"target\":{\"@type\":\"EntryPoint\",\"urlTemplate\":\"https:\\\/\\\/www.kinema.fr\\\/fr\\\/?s={search_term_string}\"},\"query-input\":{\"@type\":\"PropertyValueSpecification\",\"valueRequired\":true,\"valueName\":\"search_term_string\"}}],\"inLanguage\":\"fr-FR\"},{\"@type\":\"Organization\",\"@id\":\"https:\\\/\\\/www.kinema.fr\\\/fr\\\/#organization\",\"name\":\"KINEMA\",\"url\":\"https:\\\/\\\/www.kinema.fr\\\/fr\\\/\",\"logo\":{\"@type\":\"ImageObject\",\"inLanguage\":\"fr-FR\",\"@id\":\"https:\\\/\\\/www.kinema.fr\\\/fr\\\/#\\\/schema\\\/logo\\\/image\\\/\",\"url\":\"https:\\\/\\\/www.kinema.fr\\\/wp-content\\\/uploads\\\/2024\\\/12\\\/Screenshot-2024-11-25-213044.png\",\"contentUrl\":\"https:\\\/\\\/www.kinema.fr\\\/wp-content\\\/uploads\\\/2024\\\/12\\\/Screenshot-2024-11-25-213044.png\",\"width\":417,\"height\":240,\"caption\":\"KINEMA\"},\"image\":{\"@id\":\"https:\\\/\\\/www.kinema.fr\\\/fr\\\/#\\\/schema\\\/logo\\\/image\\\/\"}}]}<\/script>\n<!-- \/ Yoast SEO plugin. -->","yoast_head_json":{"title":"Mentions l\u00e9gales | KINEMA - Deutsch-Franz\u00f6sische Begegnungen rund ums Kino","description":"KINEMA versteht sich als dialogisch ausgerichtetes Projekt. Seine wesentlichen Aufgaben bestehen darin, den Dialog \u00fcber kulturelle und sprachliche Grenzen hinweg zu f\u00f6rdern und den Dialog zwischen Filmkunst und Filmerziehung zu intensivieren.","robots":{"index":"index","follow":"follow","max-snippet":"max-snippet:-1","max-image-preview":"max-image-preview:large","max-video-preview":"max-video-preview:-1"},"canonical":"https:\/\/www.kinema.fr\/fr\/mentions-legales\/","og_locale":"fr_FR","og_type":"article","og_title":"Mentions l\u00e9gales | KINEMA - Deutsch-Franz\u00f6sische Begegnungen rund ums Kino","og_description":"KINEMA versteht sich als dialogisch ausgerichtetes Projekt. Seine wesentlichen Aufgaben bestehen darin, den Dialog \u00fcber kulturelle und sprachliche Grenzen hinweg zu f\u00f6rdern und den Dialog zwischen Filmkunst und Filmerziehung zu intensivieren.","og_url":"https:\/\/www.kinema.fr\/fr\/mentions-legales\/","og_site_name":"KINEMA - Deutsch-Franz\u00f6sische Begegnungen rund ums Kino","article_modified_time":"2026-04-09T10:17:01+00:00","twitter_card":"summary_large_image","twitter_misc":{"Dur\u00e9e de lecture estim\u00e9e":"10 minutes"},"schema":{"@context":"https:\/\/schema.org","@graph":[{"@type":"WebPage","@id":"https:\/\/www.kinema.fr\/fr\/mentions-legales\/","url":"https:\/\/www.kinema.fr\/fr\/mentions-legales\/","name":"Mentions l\u00e9gales | KINEMA - Deutsch-Franz\u00f6sische Begegnungen rund ums Kino","isPartOf":{"@id":"https:\/\/www.kinema.fr\/fr\/#website"},"datePublished":"2025-03-19T21:21:32+00:00","dateModified":"2026-04-09T10:17:01+00:00","description":"KINEMA versteht sich als dialogisch ausgerichtetes Projekt. Seine wesentlichen Aufgaben bestehen darin, den Dialog \u00fcber kulturelle und sprachliche Grenzen hinweg zu f\u00f6rdern und den Dialog zwischen Filmkunst und Filmerziehung zu intensivieren.","breadcrumb":{"@id":"https:\/\/www.kinema.fr\/fr\/mentions-legales\/#breadcrumb"},"inLanguage":"fr-FR","potentialAction":[{"@type":"ReadAction","target":["https:\/\/www.kinema.fr\/fr\/mentions-legales\/"]}]},{"@type":"BreadcrumbList","@id":"https:\/\/www.kinema.fr\/fr\/mentions-legales\/#breadcrumb","itemListElement":[{"@type":"ListItem","position":1,"name":"Startseite","item":"https:\/\/www.kinema.fr\/fr\/"},{"@type":"ListItem","position":2,"name":"Mentions l\u00e9gales"}]},{"@type":"WebSite","@id":"https:\/\/www.kinema.fr\/fr\/#website","url":"https:\/\/www.kinema.fr\/fr\/","name":"KINEMA - DEUTSCH-FRANZ\u00d6SISCHE BEGEGNUNGEN RUND UMS KINO","description":"Filmkulturelle Erziehung und interkulturellen Lernen","publisher":{"@id":"https:\/\/www.kinema.fr\/fr\/#organization"},"potentialAction":[{"@type":"SearchAction","target":{"@type":"EntryPoint","urlTemplate":"https:\/\/www.kinema.fr\/fr\/?s={search_term_string}"},"query-input":{"@type":"PropertyValueSpecification","valueRequired":true,"valueName":"search_term_string"}}],"inLanguage":"fr-FR"},{"@type":"Organization","@id":"https:\/\/www.kinema.fr\/fr\/#organization","name":"KINEMA","url":"https:\/\/www.kinema.fr\/fr\/","logo":{"@type":"ImageObject","inLanguage":"fr-FR","@id":"https:\/\/www.kinema.fr\/fr\/#\/schema\/logo\/image\/","url":"https:\/\/www.kinema.fr\/wp-content\/uploads\/2024\/12\/Screenshot-2024-11-25-213044.png","contentUrl":"https:\/\/www.kinema.fr\/wp-content\/uploads\/2024\/12\/Screenshot-2024-11-25-213044.png","width":417,"height":240,"caption":"KINEMA"},"image":{"@id":"https:\/\/www.kinema.fr\/fr\/#\/schema\/logo\/image\/"}}]}},"_links":{"self":[{"href":"https:\/\/www.kinema.fr\/fr\/wp-json\/wp\/v2\/pages\/1651","targetHints":{"allow":["GET"]}}],"collection":[{"href":"https:\/\/www.kinema.fr\/fr\/wp-json\/wp\/v2\/pages"}],"about":[{"href":"https:\/\/www.kinema.fr\/fr\/wp-json\/wp\/v2\/types\/page"}],"author":[{"embeddable":true,"href":"https:\/\/www.kinema.fr\/fr\/wp-json\/wp\/v2\/users\/1"}],"replies":[{"embeddable":true,"href":"https:\/\/www.kinema.fr\/fr\/wp-json\/wp\/v2\/comments?post=1651"}],"version-history":[{"count":7,"href":"https:\/\/www.kinema.fr\/fr\/wp-json\/wp\/v2\/pages\/1651\/revisions"}],"predecessor-version":[{"id":2981,"href":"https:\/\/www.kinema.fr\/fr\/wp-json\/wp\/v2\/pages\/1651\/revisions\/2981"}],"wp:attachment":[{"href":"https:\/\/www.kinema.fr\/fr\/wp-json\/wp\/v2\/media?parent=1651"}],"curies":[{"name":"wp","href":"https:\/\/api.w.org\/{rel}","templated":true}]}}