{"id":2057,"date":"2025-03-22T16:34:03","date_gmt":"2025-03-22T15:34:03","guid":{"rendered":"http:\/\/s1032620136.online.de\/films-2015-2016\/"},"modified":"2026-04-09T12:17:01","modified_gmt":"2026-04-09T10:17:01","slug":"films-2015-2016","status":"publish","type":"page","link":"https:\/\/www.kinema.fr\/fr\/films-2015-2016\/","title":{"rendered":"Films 2015\/2016"},"content":{"rendered":"<p><div class=\"et_d4_element et_pb_section et_pb_section_0  et_pb_css_mix_blend_mode et_section_regular et_block_section\" >\n\t\t\t\t\n\t\t\t\t\n\t\t\t\t\n\t\t\t\t\n\t\t\t\t\n\t\t\t\t\n\t\t\t\t<div class=\"et_d4_element et_pb_row et_pb_row_0  et_pb_css_mix_blend_mode et_block_row\">\n\t\t\t\t<div class=\"et_d4_element et_pb_column_3_5 et_pb_column et_pb_column_0  et_pb_css_mix_blend_mode et_block_column\">\n\t\t\t\t\n\t\t\t\t\n\t\t\t\t\n\t\t\t\t\n\t\t\t\t<div class=\"et_pb_module et_d4_element et_pb_text et_pb_text_0  et_pb_text_align_left et_pb_bg_layout_light\">\n\t\t\t\t\n\t\t\t\t\n\t\t\t\t\n\t\t\t\t\n\t\t\t\t<div class=\"et_pb_text_inner\"><h1 class=\"title\">Films 2015\/2016<\/h1><\/div>\n\t\t\t<\/div>\n\t\t\t<\/div><div class=\"et_d4_element et_pb_column_2_5 et_pb_column et_pb_column_1  et_pb_css_mix_blend_mode et-last-child et_block_column\">\n\t\t\t\t\n\t\t\t\t\n\t\t\t\t\n\t\t\t\t\n\t\t\t\t<div class=\"et_pb_module et_d4_element et_pb_divider_0 et_pb_space et_pb_divider_hidden\"><div class=\"et_pb_divider_internal\"><\/div><\/div>\n\t\t\t<\/div>\n\t\t\t\t\n\t\t\t\t\n\t\t\t\t\n\t\t\t\t\n\t\t\t<\/div><div class=\"et_d4_element et_pb_row et_pb_row_1  et_pb_css_mix_blend_mode et_block_row\">\n\t\t\t\t<div class=\"et_d4_element et_pb_column_4_4 et_pb_column et_pb_column_2  et_pb_css_mix_blend_mode et-last-child et_block_column\">\n\t\t\t\t\n\t\t\t\t\n\t\t\t\t\n\t\t\t\t\n\t\t\t\t<div class=\"et_pb_module et_d4_element et_pb_text et_pb_text_1  et_pb_text_align_left et_pb_bg_layout_light\">\n\t\t\t\t\n\t\t\t\t\n\t\t\t\t\n\t\t\t\t\n\t\t\t\t<div class=\"et_pb_text_inner\"><h1>IDA<\/h1><\/div>\n\t\t\t<\/div><div class=\"et_pb_module et_d4_element et_pb_video et_pb_video_0\">\n\t\t\t\t\n\t\t\t\t\n\t\t\t\t\n\t\t\t\t\n\t\t\t\t<div class=\"et_pb_video_box\">\n\t\t\t\t<video controls>\n\t\t\t\t\t<source type=\"video\/mp4\" src=\"https:\/\/www.kinema.fr\/wp-content\/uploads\/2024\/12\/147349d4d34f71a9_560_496_64_852_480_25_baseline_1.mp4\" \/>\n\t\t\t\t\t\n\t\t\t\t<\/video><\/div>\n\t\t\t\t\n\t\t\t<\/div><div class=\"et_pb_module et_d4_element et_pb_text et_pb_text_2  et_pb_text_align_left et_pb_bg_layout_light\">\n\t\t\t\t\n\t\t\t\t\n\t\t\t\t\n\t\t\t\t\n\t\t\t\t<div class=\"et_pb_text_inner\"><table border=\"0\" cellspacing=\"1\" cellpadding=\"3\">\n<tbody>\n<tr align=\"left\">\n<td><strong>Donn\u00e9es du film :<\/strong><\/td>\n<\/tr>\n<tr>\n<td> <\/td>\n<td> <\/td>\n<\/tr>\n<tr>\n<td><strong>R\u00e9alisateur :<\/strong><\/td>\n<td>Pawel Pawlikowski<\/td>\n<\/tr>\n<tr>\n<td><strong>Genre :<\/strong><\/td>\n<td>Drame<\/td>\n<\/tr>\n<tr>\n<td><strong>Ann\u00e9e de publication :<\/strong><\/td>\n<td>2014<\/td>\n<\/tr>\n<tr>\n<td><strong>Langue originale :<\/strong><\/td>\n<td>Polonais<\/td>\n<\/tr>\n<tr>\n<td><strong>Longueur :<\/strong><\/td>\n<td>1 h 22 min<\/td>\n<\/tr>\n<tr>\n<td><strong>Acteurs principaux :<\/strong><\/td>\n<td>Agata Kulesza, Agata Trzebuchowska, Halina Skoczynska<\/td>\n<\/tr>\n<tr>\n<td><strong>Distribution :<\/strong><\/td>\n<td>Memento Films Distribution<\/td>\n<\/tr>\n<tr align=\"left\">\n<td> <\/td>\n<\/tr>\n<tr>\n<td colspan=\"2\"><strong>Synopsis :<\/strong><br \/>Pologne, 1962 : Anna (Agata Trzebuchowska) est une novice qui a \u00e9t\u00e9 \u00e9lev\u00e9e par des religieuses dans un couvent. Avant qu'elle ne puisse prononcer ses v\u0153ux, la s\u0153ur sup\u00e9rieure du couvent lui confie une mission lourde de cons\u00e9quences : la jeune femme doit rendre visite \u00e0 sa tante Wanda (Agata Kulesza), la seule parente d'Anna encore en vie. Wanda, la s\u0153ur de sa m\u00e8re, est une sensuelle passionn\u00e9e d'\u00e2ge moyen et r\u00e9v\u00e8le \u00e0 sa ni\u00e8ce un secret longtemps gard\u00e9 : en fait, Anna est juive et son vrai nom est Ida. D\u00e9stabilis\u00e9e par cette nouvelle, la novice se lance avec sa tante dans un voyage au cours duquel elle doit faire face \u00e0 l'histoire tragique de sa famille - mais commence \u00e9galement \u00e0 remettre en question sa propre vie, ses id\u00e9aux et sa foi. Anna reviendra-t-elle en tant qu'Ida ?    <\/td>\n<\/tr>\n<\/tbody>\n<\/table><\/div>\n\t\t\t<\/div>\n\t\t\t<\/div>\n\t\t\t\t\n\t\t\t\t\n\t\t\t\t\n\t\t\t\t\n\t\t\t<\/div><div class=\"et_d4_element et_pb_row et_pb_row_2  et_pb_css_mix_blend_mode et_block_row\">\n\t\t\t\t<div class=\"et_d4_element et_pb_column_4_4 et_pb_column et_pb_column_3  et_pb_css_mix_blend_mode et-last-child et_block_column\">\n\t\t\t\t\n\t\t\t\t\n\t\t\t\t\n\t\t\t\t\n\t\t\t\t<div class=\"et_pb_module et_d4_element et_pb_text et_pb_text_3  et_pb_text_align_left et_pb_bg_layout_light\">\n\t\t\t\t\n\t\t\t\t\n\t\t\t\t\n\t\t\t\t\n\t\t\t\t<div class=\"et_pb_text_inner\"><h1>SHAHADA<\/h1><\/div>\n\t\t\t<\/div><div class=\"et_pb_module et_d4_element et_pb_video et_pb_video_1\">\n\t\t\t\t\n\t\t\t\t\n\t\t\t\t\n\t\t\t\t\n\t\t\t\t<div class=\"et_pb_video_box\">\n\t\t\t\t<video controls>\n\t\t\t\t\t<source type=\"video\/mp4\" src=\"https:\/\/www.kinema.fr\/wp-content\/uploads\/2024\/12\/d547fa2739fd93a8_1500_1404_96_1024_576_25_baseline_1.mp4\" \/>\n\t\t\t\t\t\n\t\t\t\t<\/video><\/div>\n\t\t\t\t\n\t\t\t<\/div><div class=\"et_pb_module et_d4_element et_pb_text et_pb_text_4  et_pb_text_align_left et_pb_bg_layout_light\">\n\t\t\t\t\n\t\t\t\t\n\t\t\t\t\n\t\t\t\t\n\t\t\t\t<div class=\"et_pb_text_inner\"><table border=\"0\" cellspacing=\"1\" cellpadding=\"3\">\n<tbody>\n<tr align=\"left\">\n<td><strong>Donn\u00e9es du film :<\/strong><\/td>\n<\/tr>\n<tr>\n<td> <\/td>\n<td> <\/td>\n<\/tr>\n<tr>\n<td><strong>R\u00e9alisateur :<\/strong><\/td>\n<td>Burhan Qurbani<\/td>\n<\/tr>\n<tr>\n<td><strong>Genre :<\/strong><\/td>\n<td>Drame<\/td>\n<\/tr>\n<tr>\n<td><strong>Ann\u00e9e de publication :<\/strong><\/td>\n<td>2011<\/td>\n<\/tr>\n<tr>\n<td><strong>Langue originale :<\/strong><\/td>\n<td>Allemand<\/td>\n<\/tr>\n<tr>\n<td><strong>Longueur :<\/strong><\/td>\n<td>1 h 29 min<\/td>\n<\/tr>\n<tr>\n<td valign=\"top\"><strong>Acteurs principaux :<\/strong><\/td>\n<td>Maryam Zar\u00e9e, Carlo Ljubek, Jeremias Acheampong<\/td>\n<\/tr>\n<tr>\n<td valign=\"top\"><strong>Distribution :<\/strong><\/td>\n<td>Memento Films Distribution<\/td>\n<\/tr>\n<tr align=\"left\">\n<td> <\/td>\n<\/tr>\n<tr>\n<td colspan=\"2\">\n<p><strong>Synopsis :<br \/><\/strong>\"Shahada\" raconte les histoires de trois jeunes musulmans en Allemagne, dont les valeurs et les croyances ant\u00e9rieures sont \u00e9branl\u00e9es par des crises personnelles. Dans son film, Qurbani aborde de mani\u00e8re touchante la relation souvent contradictoire et complexe entre la religion et la culture, l'islam au 21e si\u00e8cle et la soci\u00e9t\u00e9 bigarr\u00e9e du Berlin actuel. <\/p>\n<\/td>\n<\/tr>\n<\/tbody>\n<\/table><\/div>\n\t\t\t<\/div>\n\t\t\t<\/div>\n\t\t\t\t\n\t\t\t\t\n\t\t\t\t\n\t\t\t\t\n\t\t\t<\/div><div class=\"et_d4_element et_pb_row et_pb_row_3  et_pb_css_mix_blend_mode et_block_row\">\n\t\t\t\t<div class=\"et_d4_element et_pb_column_4_4 et_pb_column et_pb_column_4  et_pb_css_mix_blend_mode et-last-child et_block_column\">\n\t\t\t\t\n\t\t\t\t\n\t\t\t\t\n\t\t\t\t\n\t\t\t\t<div class=\"et_pb_module et_d4_element et_pb_text et_pb_text_5  et_pb_text_align_left et_pb_bg_layout_light\">\n\t\t\t\t\n\t\t\t\t\n\t\t\t\t\n\t\t\t\t\n\t\t\t\t<div class=\"et_pb_text_inner\"><h1>AVRIL<\/h1><\/div>\n\t\t\t<\/div><div class=\"et_pb_module et_d4_element et_pb_video et_pb_video_2\">\n\t\t\t\t\n\t\t\t\t\n\t\t\t\t\n\t\t\t\t\n\t\t\t\t<div class=\"et_pb_video_box\">\n\t\t\t\t<video controls>\n\t\t\t\t\t<source type=\"video\/mp4\" src=\"https:\/\/www.kinema.fr\/wp-content\/uploads\/2024\/12\/d0fe9d415e69b4e3_560_496_64_508_288_25_baseline_1.mp4\" \/>\n\t\t\t\t\t\n\t\t\t\t<\/video><\/div>\n\t\t\t\t\n\t\t\t<\/div><div class=\"et_pb_module et_d4_element et_pb_text et_pb_text_6  et_pb_text_align_left et_pb_bg_layout_light\">\n\t\t\t\t\n\t\t\t\t\n\t\t\t\t\n\t\t\t\t\n\t\t\t\t<div class=\"et_pb_text_inner\"><table border=\"0\" cellspacing=\"1\" cellpadding=\"3\">\n<tbody>\n<tr align=\"left\">\n<td><strong>Donn\u00e9es du film :<\/strong><\/td>\n<\/tr>\n<tr>\n<td> <\/td>\n<td> <\/td>\n<\/tr>\n<tr>\n<td><strong>R\u00e9alisateur :<\/strong><\/td>\n<td>G\u00e9rald Hustache-Mathieu<\/td>\n<\/tr>\n<tr>\n<td><strong>Genre :<\/strong><\/td>\n<td>Com\u00e9die dramatique<\/td>\n<\/tr>\n<tr>\n<td><strong>Ann\u00e9e de publication :<\/strong><\/td>\n<td>2006<\/td>\n<\/tr>\n<tr>\n<td><strong>Langue originale :<\/strong><\/td>\n<td>Fran\u00e7ais<\/td>\n<\/tr>\n<tr>\n<td><strong>Longueur :<\/strong><\/td>\n<td>1 h 36 min<\/td>\n<\/tr>\n<tr>\n<td valign=\"top\"><strong>Acteurs principaux :<\/strong><\/td>\n<td>Sophie Quinton, Miou-Miou, Nicolas Duvauchelle<\/td>\n<\/tr>\n<tr>\n<td valign=\"top\"><strong>Distribution :<\/strong><\/td>\n<td>Haut et Court<\/td>\n<\/tr>\n<tr align=\"left\">\n<td> <\/td>\n<\/tr>\n<tr>\n<td colspan=\"2\">\n<p><strong>Contenu :<br \/><\/strong>Avril est une jeune novice qui grandit dans un couvent.<br \/>Alors qu'elle s'appr\u00eate \u00e0 prononcer ses v\u0153ux perp\u00e9tuels, elle apprend qu'elle a un fr\u00e8re jumeau. Elle part \u00e0 sa recherche et se retrouve en Camargue, o\u00f9 elle passe deux semaines de vacances avec trois jeunes hommes... <\/p>\n<\/td>\n<\/tr>\n<\/tbody>\n<\/table>\n<p>&nbsp;<\/p><\/div>\n\t\t\t<\/div>\n\t\t\t<\/div>\n\t\t\t\t\n\t\t\t\t\n\t\t\t\t\n\t\t\t\t\n\t\t\t<\/div>\n\t\t\t\t\n\t\t\t\t\n\t\t\t<\/div><div class=\"et_d4_element et_pb_section et_pb_section_2  et_pb_css_mix_blend_mode et_section_regular et_block_section\" >\n\t\t\t\t\n\t\t\t\t\n\t\t\t\t\n\t\t\t\t\n\t\t\t\t\n\t\t\t\t\n\t\t\t\t<div class=\"et_d4_element et_pb_row et_pb_row_4  et_pb_css_mix_blend_mode et_block_row\">\n\t\t\t\t<div class=\"et_d4_element et_pb_column_4_4 et_pb_column et_pb_column_5  et_pb_css_mix_blend_mode et-last-child et_block_column\">\n\t\t\t\t\n\t\t\t\t\n\t\t\t\t\n\t\t\t\t\n\t\t\t\t<div class=\"et_pb_module et_d4_element et_pb_divider et_pb_divider_1 et_pb_space\"><div class=\"et_pb_divider_internal\"><\/div><\/div>\n\t\t\t<\/div>\n\t\t\t\t\n\t\t\t\t\n\t\t\t\t\n\t\t\t\t\n\t\t\t<\/div><div class=\"et_d4_element et_pb_row et_pb_row_5  et_pb_css_mix_blend_mode et_block_row\">\n\t\t\t\t<div class=\"et_d4_element et_pb_column_1_4 et_pb_column et_pb_column_6  et_pb_css_mix_blend_mode et_block_column\">\n\t\t\t\t\n\t\t\t\t\n\t\t\t\t\n\t\t\t\t\n\t\t\t\t<div class=\"et_pb_module et_d4_element et_pb_image et_pb_image_0\">\n\t\t\t\t\n\t\t\t\t\n\t\t\t\t\n\t\t\t\t\n\t\t\t\t<a href=\"http:\/\/www.mk.niedersachsen.de\/startseite\/\" target=\"_blank\"><span class=\"et_pb_image_wrap \"><img loading=\"lazy\" decoding=\"async\" width=\"148\" height=\"109\" src=\"https:\/\/www.kinema.fr\/wp-content\/uploads\/2024\/12\/land_bs.jpg\" alt=\"\" title=\"pays_bs\" class=\"wp-image-376\" \/><\/span><\/a>\n\t\t\t<\/div><div class=\"et_pb_module et_d4_element et_pb_image et_pb_image_1\">\n\t\t\t\t\n\t\t\t\t\n\t\t\t\t\n\t\t\t\t\n\t\t\t\t<a href=\"http:\/\/www.ofaj.org\/\" target=\"_blank\"><span class=\"et_pb_image_wrap \"><img loading=\"lazy\" decoding=\"async\" width=\"100\" height=\"78\" src=\"https:\/\/www.kinema.fr\/wp-content\/uploads\/2024\/12\/ofaj_dfjw.jpg\" alt=\"\" title=\"ofaj_dfjw\" class=\"wp-image-382\" \/><\/span><\/a>\n\t\t\t<\/div>\n\t\t\t<\/div><div class=\"et_d4_element et_pb_column_1_4 et_pb_column et_pb_column_7  et_pb_css_mix_blend_mode et_block_column\">\n\t\t\t\t\n\t\t\t\t\n\t\t\t\t\n\t\t\t\t\n\t\t\t\t<div class=\"et_pb_module et_d4_element et_pb_image et_pb_image_2\">\n\t\t\t\t\n\t\t\t\t\n\t\t\t\t\n\t\t\t\t\n\t\t\t\t<a href=\"http:\/\/www.ac-normandie.fr\/\" target=\"_blank\"><span class=\"et_pb_image_wrap \"><img loading=\"lazy\" decoding=\"async\" width=\"168\" height=\"110\" src=\"https:\/\/www.kinema.fr\/wp-content\/uploads\/2025\/03\/Logo_Ac-Normandie_RVB_1.webp\" alt=\"\" title=\"Logo_Ac-Normandie_RVB_1\" class=\"wp-image-2284\" \/><\/span><\/a>\n\t\t\t<\/div><div class=\"et_pb_module et_d4_element et_pb_image et_pb_image_3\">\n\t\t\t\t\n\t\t\t\t\n\t\t\t\t\n\t\t\t\t\n\t\t\t\t<a href=\"http:\/\/www.filmfest-braunschweig.de\/\" target=\"_blank\"><span class=\"et_pb_image_wrap \"><img loading=\"lazy\" decoding=\"async\" width=\"72\" height=\"79\" src=\"https:\/\/www.kinema.fr\/wp-content\/uploads\/2024\/12\/logo_filmfest.jpg\" alt=\"\" title=\"Impression\" class=\"wp-image-379\" \/><\/span><\/a>\n\t\t\t<\/div>\n\t\t\t<\/div><div class=\"et_d4_element et_pb_column_1_4 et_pb_column et_pb_column_8  et_pb_css_mix_blend_mode et_block_column\">\n\t\t\t\t\n\t\t\t\t\n\t\t\t\t\n\t\t\t\t\n\t\t\t\t<div class=\"et_pb_module et_d4_element et_pb_image et_pb_image_4\">\n\t\t\t\t\n\t\t\t\t\n\t\t\t\t\n\t\t\t\t\n\t\t\t\t<a href=\"http:\/\/www.ac-aix-marseille.fr\/la-region-academique-provence-alpes-cote-d-azur-121441\" target=\"_blank\"><span class=\"et_pb_image_wrap \"><img loading=\"lazy\" decoding=\"async\" width=\"180\" height=\"104\" src=\"https:\/\/www.kinema.fr\/wp-content\/uploads\/2024\/12\/Logo_ac_PACA.jpg\" alt=\"\" title=\"Logo_ac_PACA\" class=\"wp-image-378\" \/><\/span><\/a>\n\t\t\t<\/div><div class=\"et_pb_module et_d4_element et_pb_image et_pb_image_5\">\n\t\t\t\t\n\t\t\t\t\n\t\t\t\t\n\t\t\t\t\n\t\t\t\t<a href=\"https:\/\/www.normandie.fr\" target=\"_blank\"><span class=\"et_pb_image_wrap \"><img loading=\"lazy\" decoding=\"async\" width=\"107\" height=\"80\" src=\"https:\/\/www.kinema.fr\/wp-content\/uploads\/2025\/03\/logo-region-normandie-rvb.jpg\" alt=\"\" title=\"logo-r\u00e9gion-normandie-rvb\" class=\"wp-image-1572\" \/><\/span><\/a>\n\t\t\t<\/div>\n\t\t\t<\/div><div class=\"et_d4_element et_pb_column_1_4 et_pb_column et_pb_column_9  et_pb_css_mix_blend_mode et-last-child et_block_column\">\n\t\t\t\t\n\t\t\t\t\n\t\t\t\t\n\t\t\t\t\n\t\t\t\t<div class=\"et_pb_module et_d4_element et_pb_image et_pb_image_6\">\n\t\t\t\t\n\t\t\t\t\n\t\t\t\t\n\t\t\t\t\n\t\t\t\t<a href=\"http:\/\/www.metropolregion.de\/france\" target=\"_blank\"><span class=\"et_pb_image_wrap \"><img loading=\"lazy\" decoding=\"async\" width=\"179\" height=\"80\" src=\"https:\/\/www.kinema.fr\/wp-content\/uploads\/2024\/12\/AM_MR_Verbundlogo.jpg\" alt=\"\" title=\"Logo de l&#039;alliance AM_MR\" class=\"wp-image-375\" \/><\/span><\/a>\n\t\t\t<\/div><div class=\"et_pb_module et_d4_element et_pb_image et_pb_image_7\">\n\t\t\t\t\n\t\t\t\t\n\t\t\t\t\n\t\t\t\t\n\t\t\t\t<span class=\"et_pb_image_wrap \"><img loading=\"lazy\" decoding=\"async\" width=\"100\" height=\"62\" src=\"https:\/\/www.kinema.fr\/wp-content\/uploads\/2024\/12\/Logo-Kinema-eV.jpg\" alt=\"\" title=\"Logo-Kinema-eV\" class=\"wp-image-380\" \/><\/span>\n\t\t\t<\/div>\n\t\t\t<\/div>\n\t\t\t\t\n\t\t\t\t\n\t\t\t\t\n\t\t\t\t\n\t\t\t<\/div>\n\t\t\t\t\n\t\t\t\t\n\t\t\t<\/div><div class=\"et_d4_element et_pb_section et_pb_section_4 et_pb_with_background  et_pb_css_mix_blend_mode et_section_regular et_block_section\" >\n\t\t\t\t\n\t\t\t\t\n\t\t\t\t\n\t\t\t\t\n\t\t\t\t\n\t\t\t\t\n\t\t\t\t<div class=\"et_d4_element et_pb_row et_pb_row_7 et_pb_equal_columns  et_pb_css_mix_blend_mode et_block_row\">\n\t\t\t\t<div class=\"et_d4_element et_pb_column_1_4 et_pb_column et_pb_column_10  et_pb_css_mix_blend_mode et_block_column\">\n\t\t\t\t\n\t\t\t\t\n\t\t\t\t\n\t\t\t\t\n\t\t\t\t<div class=\"et_pb_module et_d4_element et_pb_text et_pb_text_7  et_pb_text_align_left et_pb_bg_layout_dark\">\n\t\t\t\t\n\t\t\t\t\n\t\t\t\t\n\t\t\t\t\n\t\t\t\t<div class=\"et_pb_text_inner\"><h2>KINEMA<\/h2><\/div>\n\t\t\t<\/div>\n\t\t\t<\/div><div class=\"et_d4_element et_pb_column_1_4 et_pb_column et_pb_column_11  et_pb_css_mix_blend_mode et_block_column et_pb_column_empty\">\n\t\t\t\t\n\t\t\t\t\n\t\t\t\t\n\t\t\t\t\n\t\t\t\t\n\t\t\t<\/div><div class=\"et_d4_element et_pb_column_1_4 et_pb_column et_pb_column_12  et_pb_css_mix_blend_mode et_block_column\">\n\t\t\t\t\n\t\t\t\t\n\t\t\t\t\n\t\t\t\t\n\t\t\t\t<div class=\"et_pb_module et_d4_element et_pb_text et_pb_text_9  et_pb_text_align_left et_pb_bg_layout_dark\">\n\t\t\t\t\n\t\t\t\t\n\t\t\t\t\n\t\t\t\t\n\t\t\t\t<div class=\"et_pb_text_inner\"><h4>Films<\/h4>\n<p><a href=\"\/?page_id=1233\">LE RENDEZ-VOUS DE L'\u00c9T\u00c9<\/a><\/p>\n<p><a href=\"\/?page_id=1233\">MIROIRS NO. 3<\/a><\/p>\n<p><a href=\"\/?page_id=1233\">ZION<\/a><\/div>\n\t\t\t<\/div>\n\t\t\t<\/div><div class=\"et_d4_element et_pb_column_1_4 et_pb_column et_pb_column_13  et_pb_css_mix_blend_mode et-last-child et_block_column\">\n\t\t\t\t\n\t\t\t\t\n\t\t\t\t\n\t\t\t\t\n\t\t\t\t<div class=\"et_pb_module et_d4_element et_pb_text et_pb_text_10  et_pb_text_align_left et_pb_bg_layout_dark\">\n\t\t\t\t\n\t\t\t\t\n\t\t\t\t\n\t\t\t\t\n\t\t\t\t<div class=\"et_pb_text_inner\"><h4>Info<\/h4>\n<p><a href=\"\/?page_id=1225\">Contact<\/a><\/p>\n<p><a href=\"\/?page_id=1651\">Mentions l\u00e9gales<\/a><\/p>\n<p><a href=\"\/?page_id=2239\">Politique de confidentialit\u00e9<\/a><\/p>\n<p><a href=\"\/?page_id=1243\">Calendrier<\/a><\/p><\/div>\n\t\t\t<\/div>\n\t\t\t<\/div>\n\t\t\t\t\n\t\t\t\t\n\t\t\t\t\n\t\t\t\t\n\t\t\t<\/div>\n\t\t\t\t\n\t\t\t\t\n\t\t\t<\/div><\/p>\n","protected":false},"excerpt":{"rendered":"","protected":false},"author":1,"featured_media":0,"parent":0,"menu_order":0,"comment_status":"closed","ping_status":"closed","template":"","meta":{"_et_pb_use_builder":"on","_et_pb_old_content":"","_et_gb_content_width":"","footnotes":""},"class_list":["post-2057","page","type-page","status-publish","hentry"],"yoast_head":"<!-- This site is optimized with the Yoast SEO plugin v27.4 - https:\/\/yoast.com\/product\/yoast-seo-wordpress\/ -->\n<title>Films 2015\/2016 | KINEMA - Deutsch-Franz\u00f6sische Begegnungen rund ums Kino<\/title>\n<meta name=\"description\" content=\"KINEMA versteht sich als dialogisch ausgerichtetes Projekt. Seine wesentlichen Aufgaben bestehen darin, den Dialog \u00fcber kulturelle und sprachliche Grenzen hinweg zu f\u00f6rdern und den Dialog zwischen Filmkunst und Filmerziehung zu intensivieren.\" \/>\n<meta name=\"robots\" content=\"index, follow, max-snippet:-1, max-image-preview:large, max-video-preview:-1\" \/>\n<link rel=\"canonical\" href=\"https:\/\/www.kinema.fr\/fr\/films-2015-2016\/\" \/>\n<meta property=\"og:locale\" content=\"fr_FR\" \/>\n<meta property=\"og:type\" content=\"article\" \/>\n<meta property=\"og:title\" content=\"Films 2015\/2016 | KINEMA - Deutsch-Franz\u00f6sische Begegnungen rund ums Kino\" \/>\n<meta property=\"og:description\" content=\"KINEMA versteht sich als dialogisch ausgerichtetes Projekt. Seine wesentlichen Aufgaben bestehen darin, den Dialog \u00fcber kulturelle und sprachliche Grenzen hinweg zu f\u00f6rdern und den Dialog zwischen Filmkunst und Filmerziehung zu intensivieren.\" \/>\n<meta property=\"og:url\" content=\"https:\/\/www.kinema.fr\/fr\/films-2015-2016\/\" \/>\n<meta property=\"og:site_name\" content=\"KINEMA - Deutsch-Franz\u00f6sische Begegnungen rund ums Kino\" \/>\n<meta property=\"article:modified_time\" content=\"2026-04-09T10:17:01+00:00\" \/>\n<meta name=\"twitter:card\" content=\"summary_large_image\" \/>\n<meta name=\"twitter:label1\" content=\"Dur\u00e9e de lecture estim\u00e9e\" \/>\n\t<meta name=\"twitter:data1\" content=\"11 minutes\" \/>\n<script type=\"application\/ld+json\" class=\"yoast-schema-graph\">{\"@context\":\"https:\\\/\\\/schema.org\",\"@graph\":[{\"@type\":\"WebPage\",\"@id\":\"https:\\\/\\\/www.kinema.fr\\\/fr\\\/films-2015-2016\\\/\",\"url\":\"https:\\\/\\\/www.kinema.fr\\\/fr\\\/films-2015-2016\\\/\",\"name\":\"Films 2015\\\/2016 | KINEMA - Deutsch-Franz\u00f6sische Begegnungen rund ums Kino\",\"isPartOf\":{\"@id\":\"https:\\\/\\\/www.kinema.fr\\\/fr\\\/#website\"},\"datePublished\":\"2025-03-22T15:34:03+00:00\",\"dateModified\":\"2026-04-09T10:17:01+00:00\",\"description\":\"KINEMA versteht sich als dialogisch ausgerichtetes Projekt. Seine wesentlichen Aufgaben bestehen darin, den Dialog \u00fcber kulturelle und sprachliche Grenzen hinweg zu f\u00f6rdern und den Dialog zwischen Filmkunst und Filmerziehung zu intensivieren.\",\"breadcrumb\":{\"@id\":\"https:\\\/\\\/www.kinema.fr\\\/fr\\\/films-2015-2016\\\/#breadcrumb\"},\"inLanguage\":\"fr-FR\",\"potentialAction\":[{\"@type\":\"ReadAction\",\"target\":[\"https:\\\/\\\/www.kinema.fr\\\/fr\\\/films-2015-2016\\\/\"]}]},{\"@type\":\"BreadcrumbList\",\"@id\":\"https:\\\/\\\/www.kinema.fr\\\/fr\\\/films-2015-2016\\\/#breadcrumb\",\"itemListElement\":[{\"@type\":\"ListItem\",\"position\":1,\"name\":\"Startseite\",\"item\":\"https:\\\/\\\/www.kinema.fr\\\/fr\\\/\"},{\"@type\":\"ListItem\",\"position\":2,\"name\":\"Films 2015\\\/2016\"}]},{\"@type\":\"WebSite\",\"@id\":\"https:\\\/\\\/www.kinema.fr\\\/fr\\\/#website\",\"url\":\"https:\\\/\\\/www.kinema.fr\\\/fr\\\/\",\"name\":\"KINEMA - DEUTSCH-FRANZ\u00d6SISCHE BEGEGNUNGEN RUND UMS KINO\",\"description\":\"Filmkulturelle Erziehung und interkulturellen Lernen\",\"publisher\":{\"@id\":\"https:\\\/\\\/www.kinema.fr\\\/fr\\\/#organization\"},\"potentialAction\":[{\"@type\":\"SearchAction\",\"target\":{\"@type\":\"EntryPoint\",\"urlTemplate\":\"https:\\\/\\\/www.kinema.fr\\\/fr\\\/?s={search_term_string}\"},\"query-input\":{\"@type\":\"PropertyValueSpecification\",\"valueRequired\":true,\"valueName\":\"search_term_string\"}}],\"inLanguage\":\"fr-FR\"},{\"@type\":\"Organization\",\"@id\":\"https:\\\/\\\/www.kinema.fr\\\/fr\\\/#organization\",\"name\":\"KINEMA\",\"url\":\"https:\\\/\\\/www.kinema.fr\\\/fr\\\/\",\"logo\":{\"@type\":\"ImageObject\",\"inLanguage\":\"fr-FR\",\"@id\":\"https:\\\/\\\/www.kinema.fr\\\/fr\\\/#\\\/schema\\\/logo\\\/image\\\/\",\"url\":\"https:\\\/\\\/www.kinema.fr\\\/wp-content\\\/uploads\\\/2024\\\/12\\\/Screenshot-2024-11-25-213044.png\",\"contentUrl\":\"https:\\\/\\\/www.kinema.fr\\\/wp-content\\\/uploads\\\/2024\\\/12\\\/Screenshot-2024-11-25-213044.png\",\"width\":417,\"height\":240,\"caption\":\"KINEMA\"},\"image\":{\"@id\":\"https:\\\/\\\/www.kinema.fr\\\/fr\\\/#\\\/schema\\\/logo\\\/image\\\/\"}}]}<\/script>\n<!-- \/ Yoast SEO plugin. -->","yoast_head_json":{"title":"Films 2015\/2016 | KINEMA - Deutsch-Franz\u00f6sische Begegnungen rund ums Kino","description":"KINEMA versteht sich als dialogisch ausgerichtetes Projekt. Seine wesentlichen Aufgaben bestehen darin, den Dialog \u00fcber kulturelle und sprachliche Grenzen hinweg zu f\u00f6rdern und den Dialog zwischen Filmkunst und Filmerziehung zu intensivieren.","robots":{"index":"index","follow":"follow","max-snippet":"max-snippet:-1","max-image-preview":"max-image-preview:large","max-video-preview":"max-video-preview:-1"},"canonical":"https:\/\/www.kinema.fr\/fr\/films-2015-2016\/","og_locale":"fr_FR","og_type":"article","og_title":"Films 2015\/2016 | KINEMA - Deutsch-Franz\u00f6sische Begegnungen rund ums Kino","og_description":"KINEMA versteht sich als dialogisch ausgerichtetes Projekt. Seine wesentlichen Aufgaben bestehen darin, den Dialog \u00fcber kulturelle und sprachliche Grenzen hinweg zu f\u00f6rdern und den Dialog zwischen Filmkunst und Filmerziehung zu intensivieren.","og_url":"https:\/\/www.kinema.fr\/fr\/films-2015-2016\/","og_site_name":"KINEMA - Deutsch-Franz\u00f6sische Begegnungen rund ums Kino","article_modified_time":"2026-04-09T10:17:01+00:00","twitter_card":"summary_large_image","twitter_misc":{"Dur\u00e9e de lecture estim\u00e9e":"11 minutes"},"schema":{"@context":"https:\/\/schema.org","@graph":[{"@type":"WebPage","@id":"https:\/\/www.kinema.fr\/fr\/films-2015-2016\/","url":"https:\/\/www.kinema.fr\/fr\/films-2015-2016\/","name":"Films 2015\/2016 | KINEMA - Deutsch-Franz\u00f6sische Begegnungen rund ums Kino","isPartOf":{"@id":"https:\/\/www.kinema.fr\/fr\/#website"},"datePublished":"2025-03-22T15:34:03+00:00","dateModified":"2026-04-09T10:17:01+00:00","description":"KINEMA versteht sich als dialogisch ausgerichtetes Projekt. Seine wesentlichen Aufgaben bestehen darin, den Dialog \u00fcber kulturelle und sprachliche Grenzen hinweg zu f\u00f6rdern und den Dialog zwischen Filmkunst und Filmerziehung zu intensivieren.","breadcrumb":{"@id":"https:\/\/www.kinema.fr\/fr\/films-2015-2016\/#breadcrumb"},"inLanguage":"fr-FR","potentialAction":[{"@type":"ReadAction","target":["https:\/\/www.kinema.fr\/fr\/films-2015-2016\/"]}]},{"@type":"BreadcrumbList","@id":"https:\/\/www.kinema.fr\/fr\/films-2015-2016\/#breadcrumb","itemListElement":[{"@type":"ListItem","position":1,"name":"Startseite","item":"https:\/\/www.kinema.fr\/fr\/"},{"@type":"ListItem","position":2,"name":"Films 2015\/2016"}]},{"@type":"WebSite","@id":"https:\/\/www.kinema.fr\/fr\/#website","url":"https:\/\/www.kinema.fr\/fr\/","name":"KINEMA - DEUTSCH-FRANZ\u00d6SISCHE BEGEGNUNGEN RUND UMS KINO","description":"Filmkulturelle Erziehung und interkulturellen Lernen","publisher":{"@id":"https:\/\/www.kinema.fr\/fr\/#organization"},"potentialAction":[{"@type":"SearchAction","target":{"@type":"EntryPoint","urlTemplate":"https:\/\/www.kinema.fr\/fr\/?s={search_term_string}"},"query-input":{"@type":"PropertyValueSpecification","valueRequired":true,"valueName":"search_term_string"}}],"inLanguage":"fr-FR"},{"@type":"Organization","@id":"https:\/\/www.kinema.fr\/fr\/#organization","name":"KINEMA","url":"https:\/\/www.kinema.fr\/fr\/","logo":{"@type":"ImageObject","inLanguage":"fr-FR","@id":"https:\/\/www.kinema.fr\/fr\/#\/schema\/logo\/image\/","url":"https:\/\/www.kinema.fr\/wp-content\/uploads\/2024\/12\/Screenshot-2024-11-25-213044.png","contentUrl":"https:\/\/www.kinema.fr\/wp-content\/uploads\/2024\/12\/Screenshot-2024-11-25-213044.png","width":417,"height":240,"caption":"KINEMA"},"image":{"@id":"https:\/\/www.kinema.fr\/fr\/#\/schema\/logo\/image\/"}}]}},"_links":{"self":[{"href":"https:\/\/www.kinema.fr\/fr\/wp-json\/wp\/v2\/pages\/2057","targetHints":{"allow":["GET"]}}],"collection":[{"href":"https:\/\/www.kinema.fr\/fr\/wp-json\/wp\/v2\/pages"}],"about":[{"href":"https:\/\/www.kinema.fr\/fr\/wp-json\/wp\/v2\/types\/page"}],"author":[{"embeddable":true,"href":"https:\/\/www.kinema.fr\/fr\/wp-json\/wp\/v2\/users\/1"}],"replies":[{"embeddable":true,"href":"https:\/\/www.kinema.fr\/fr\/wp-json\/wp\/v2\/comments?post=2057"}],"version-history":[{"count":9,"href":"https:\/\/www.kinema.fr\/fr\/wp-json\/wp\/v2\/pages\/2057\/revisions"}],"predecessor-version":[{"id":2969,"href":"https:\/\/www.kinema.fr\/fr\/wp-json\/wp\/v2\/pages\/2057\/revisions\/2969"}],"wp:attachment":[{"href":"https:\/\/www.kinema.fr\/fr\/wp-json\/wp\/v2\/media?parent=2057"}],"curies":[{"name":"wp","href":"https:\/\/api.w.org\/{rel}","templated":true}]}}