{"id":2690,"date":"2025-11-10T07:49:12","date_gmt":"2025-11-10T06:49:12","guid":{"rendered":"https:\/\/www.kinema.fr\/le-ruban-blanc\/"},"modified":"2026-04-09T12:16:59","modified_gmt":"2026-04-09T10:16:59","slug":"le-ruban-blanc","status":"publish","type":"page","link":"https:\/\/www.kinema.fr\/fr\/le-ruban-blanc\/","title":{"rendered":"LE RUBAN BLANC"},"content":{"rendered":"<p><div class=\"et_d4_element et_pb_section et_pb_section_0  et_pb_css_mix_blend_mode et_section_regular et_block_section\" >\n\t\t\t\t\n\t\t\t\t\n\t\t\t\t\n\t\t\t\t\n\t\t\t\t\n\t\t\t\t\n\t\t\t\t<div class=\"et_d4_element et_pb_row et_pb_row_0  et_pb_css_mix_blend_mode et_block_row\">\n\t\t\t\t<div class=\"et_d4_element et_pb_column_3_5 et_pb_column et_pb_column_0  et_pb_css_mix_blend_mode et_block_column\">\n\t\t\t\t\n\t\t\t\t\n\t\t\t\t\n\t\t\t\t\n\t\t\t\t<div class=\"et_pb_module et_d4_element et_pb_text et_pb_text_0  et_pb_text_align_left et_pb_bg_layout_light\">\n\t\t\t\t\n\t\t\t\t\n\t\t\t\t\n\t\t\t\t\n\t\t\t\t<div class=\"et_pb_text_inner\"><h1 class=\"title\">LE RUBAN BLANC<\/h1><\/div>\n\t\t\t<\/div>\n\t\t\t<\/div><div class=\"et_d4_element et_pb_column_2_5 et_pb_column et_pb_column_1  et_pb_css_mix_blend_mode et-last-child et_block_column\">\n\t\t\t\t\n\t\t\t\t\n\t\t\t\t\n\t\t\t\t\n\t\t\t\t<div class=\"et_pb_module et_d4_element et_pb_divider_0 et_pb_space et_pb_divider_hidden\"><div class=\"et_pb_divider_internal\"><\/div><\/div>\n\t\t\t<\/div>\n\t\t\t\t\n\t\t\t\t\n\t\t\t\t\n\t\t\t\t\n\t\t\t<\/div><div class=\"et_d4_element et_pb_row et_pb_row_1  et_pb_css_mix_blend_mode et_block_row\">\n\t\t\t\t<div class=\"et_d4_element et_pb_column_4_4 et_pb_column et_pb_column_2  et_pb_css_mix_blend_mode et-last-child et_block_column\">\n\t\t\t\t\n\t\t\t\t\n\t\t\t\t\n\t\t\t\t\n\t\t\t\t<div class=\"et_pb_module et_d4_element et_pb_video et_pb_video_0\">\n\t\t\t\t\n\t\t\t\t\n\t\t\t\t\n\t\t\t\t\n\t\t\t\t<div class=\"et_pb_video_box\"><iframe loading=\"lazy\" title=\"DAS WEISSE BAND | Trailer (XV) german - deutsch [HD]\" width=\"1080\" height=\"608\" src=\"https:\/\/www.youtube.com\/embed\/F2tfkyZnAoo?feature=oembed\"  allow=\"accelerometer; autoplay; clipboard-write; encrypted-media; gyroscope; picture-in-picture; web-share\" referrerpolicy=\"strict-origin-when-cross-origin\" allowfullscreen><\/iframe><\/div>\n\t\t\t\t<div style=\"background-image:url(\/\/i.ytimg.com\/vi\/F2tfkyZnAoo\/maxresdefault.jpg)\" class=\"et_pb_video_overlay\"><div class=\"et_pb_video_overlay_hover\"><a href=\"#\" class=\"et_pb_video_play\"><\/a><\/div><\/div>\n\t\t\t<\/div><div class=\"et_pb_module et_d4_element et_pb_text et_pb_text_1  et_pb_text_align_left et_pb_bg_layout_light\">\n\t\t\t\t\n\t\t\t\t\n\t\t\t\t\n\t\t\t\t\n\t\t\t\t<div class=\"et_pb_text_inner\"><table style=\"height: 207px; width: 100%;\" border=\"0\" width=\"100%\" cellspacing=\"1\" cellpadding=\"3\">\n<tbody>\n<tr style=\"height: 23px;\" align=\"left\">\n<td style=\"height: 23px;\" width=\"28%\"><strong>Donn\u00e9es du film<\/strong><\/td>\n<td> <\/td>\n<\/tr>\n<tr style=\"height: 23px;\">\n<td style=\"height: 23px;\"> <\/td>\n<td style=\"height: 23px;\" width=\"72%\"> <\/td>\n<\/tr>\n<tr style=\"height: 23px;\">\n<td style=\"height: 23px;\"><strong>R\u00e9alisateur :<\/strong><\/td>\n<td style=\"height: 23px;\">Michael Haneke<\/td>\n<\/tr>\n<tr style=\"height: 23px;\">\n<td style=\"height: 23px;\"><strong>Ann\u00e9e de publication :<\/strong><\/td>\n<td style=\"height: 23px;\">2009<\/td>\n<\/tr>\n<tr style=\"height: 23px;\">\n<td style=\"height: 23px;\"><strong>Langue originale :<\/strong><\/td>\n<td style=\"height: 23px;\">Allemagne \/ Autriche<\/td>\n<\/tr>\n<tr>\n<td><strong>Contenu :<\/strong><\/td>\n<td>Un village dans le nord protestant de l\u2019Allemagne. 1913\/14. 1913\/14. La veille de la Premi\u00e8re Guerre mondiale. L\u2019histoire de la chorale de l\u2019\u00e9cole et de l\u2019\u00e9glise dirig\u00e9e par l\u2019instituteur du village. Ses chanteurs, enfants et adolescents, et leurs familles : le propri\u00e9taire, le cur\u00e9, l\u2019administrateur du domaine, la sage-femme, le m\u00e9decin, les paysans \u2013 un \u00e9chantillon en somme. Des accidents \u00e9tranges se produisent et prennent peu \u00e0 peu le caract\u00e8re de punitions rituelles. Qui est derri\u00e8re tout cela ?    <\/td>\n<\/tr>\n<\/tbody>\n<\/table><\/div>\n\t\t\t<\/div>\n\t\t\t<\/div>\n\t\t\t\t\n\t\t\t\t\n\t\t\t\t\n\t\t\t\t\n\t\t\t<\/div>\n\t\t\t\t\n\t\t\t\t\n\t\t\t<\/div><div class=\"et_d4_element et_pb_section et_pb_section_2  et_pb_css_mix_blend_mode et_section_regular et_block_section\" >\n\t\t\t\t\n\t\t\t\t\n\t\t\t\t\n\t\t\t\t\n\t\t\t\t\n\t\t\t\t\n\t\t\t\t<div class=\"et_d4_element et_pb_row et_pb_row_2  et_pb_css_mix_blend_mode et_block_row\">\n\t\t\t\t<div class=\"et_d4_element et_pb_column_4_4 et_pb_column et_pb_column_3  et_pb_css_mix_blend_mode et-last-child et_block_column\">\n\t\t\t\t\n\t\t\t\t\n\t\t\t\t\n\t\t\t\t\n\t\t\t\t<div class=\"et_pb_module et_d4_element et_pb_divider et_pb_divider_1 et_pb_space\"><div class=\"et_pb_divider_internal\"><\/div><\/div>\n\t\t\t<\/div>\n\t\t\t\t\n\t\t\t\t\n\t\t\t\t\n\t\t\t\t\n\t\t\t<\/div><div class=\"et_d4_element et_pb_row et_pb_row_3  et_pb_css_mix_blend_mode et_block_row\">\n\t\t\t\t<div class=\"et_d4_element et_pb_column_1_4 et_pb_column et_pb_column_4  et_pb_css_mix_blend_mode et_block_column\">\n\t\t\t\t\n\t\t\t\t\n\t\t\t\t\n\t\t\t\t\n\t\t\t\t<div class=\"et_pb_module et_d4_element et_pb_image et_pb_image_0\">\n\t\t\t\t\n\t\t\t\t\n\t\t\t\t\n\t\t\t\t\n\t\t\t\t<a href=\"http:\/\/www.mk.niedersachsen.de\/startseite\/\" target=\"_blank\"><span class=\"et_pb_image_wrap \"><img loading=\"lazy\" decoding=\"async\" width=\"148\" height=\"109\" src=\"https:\/\/www.kinema.fr\/wp-content\/uploads\/2024\/12\/land_bs.jpg\" alt=\"\" title=\"pays_bs\" class=\"wp-image-376\" \/><\/span><\/a>\n\t\t\t<\/div><div class=\"et_pb_module et_d4_element et_pb_image et_pb_image_1\">\n\t\t\t\t\n\t\t\t\t\n\t\t\t\t\n\t\t\t\t\n\t\t\t\t<a href=\"http:\/\/www.ofaj.org\/\" target=\"_blank\"><span class=\"et_pb_image_wrap \"><img loading=\"lazy\" decoding=\"async\" width=\"100\" height=\"78\" src=\"https:\/\/www.kinema.fr\/wp-content\/uploads\/2024\/12\/ofaj_dfjw.jpg\" alt=\"\" title=\"ofaj_dfjw\" class=\"wp-image-382\" \/><\/span><\/a>\n\t\t\t<\/div>\n\t\t\t<\/div><div class=\"et_d4_element et_pb_column_1_4 et_pb_column et_pb_column_5  et_pb_css_mix_blend_mode et_block_column\">\n\t\t\t\t\n\t\t\t\t\n\t\t\t\t\n\t\t\t\t\n\t\t\t\t<div class=\"et_pb_module et_d4_element et_pb_image et_pb_image_2\">\n\t\t\t\t\n\t\t\t\t\n\t\t\t\t\n\t\t\t\t\n\t\t\t\t<a href=\"http:\/\/www.ac-normandie.fr\/\" target=\"_blank\"><span class=\"et_pb_image_wrap \"><img loading=\"lazy\" decoding=\"async\" width=\"168\" height=\"110\" src=\"https:\/\/www.kinema.fr\/wp-content\/uploads\/2025\/03\/Logo_Ac-Normandie_RVB_1.webp\" alt=\"\" title=\"Logo_Ac-Normandie_RVB_1\" class=\"wp-image-2284\" \/><\/span><\/a>\n\t\t\t<\/div><div class=\"et_pb_module et_d4_element et_pb_image et_pb_image_3\">\n\t\t\t\t\n\t\t\t\t\n\t\t\t\t\n\t\t\t\t\n\t\t\t\t<a href=\"http:\/\/www.filmfest-braunschweig.de\/\" target=\"_blank\"><span class=\"et_pb_image_wrap \"><img loading=\"lazy\" decoding=\"async\" width=\"72\" height=\"79\" src=\"https:\/\/www.kinema.fr\/wp-content\/uploads\/2024\/12\/logo_filmfest.jpg\" alt=\"\" title=\"Impression\" class=\"wp-image-379\" \/><\/span><\/a>\n\t\t\t<\/div>\n\t\t\t<\/div><div class=\"et_d4_element et_pb_column_1_4 et_pb_column et_pb_column_6  et_pb_css_mix_blend_mode et_block_column\">\n\t\t\t\t\n\t\t\t\t\n\t\t\t\t\n\t\t\t\t\n\t\t\t\t<div class=\"et_pb_module et_d4_element et_pb_image et_pb_image_4\">\n\t\t\t\t\n\t\t\t\t\n\t\t\t\t\n\t\t\t\t\n\t\t\t\t<a href=\"http:\/\/www.ac-aix-marseille.fr\/la-region-academique-provence-alpes-cote-d-azur-121441\" target=\"_blank\"><span class=\"et_pb_image_wrap \"><img loading=\"lazy\" decoding=\"async\" width=\"180\" height=\"104\" src=\"https:\/\/www.kinema.fr\/wp-content\/uploads\/2024\/12\/Logo_ac_PACA.jpg\" alt=\"\" title=\"Logo_ac_PACA\" class=\"wp-image-378\" \/><\/span><\/a>\n\t\t\t<\/div><div class=\"et_pb_module et_d4_element et_pb_image et_pb_image_5\">\n\t\t\t\t\n\t\t\t\t\n\t\t\t\t\n\t\t\t\t\n\t\t\t\t<a href=\"https:\/\/www.normandie.fr\" target=\"_blank\"><span class=\"et_pb_image_wrap \"><img loading=\"lazy\" decoding=\"async\" width=\"107\" height=\"80\" src=\"https:\/\/www.kinema.fr\/wp-content\/uploads\/2025\/03\/logo-region-normandie-rvb.jpg\" alt=\"\" title=\"logo-r\u00e9gion-normandie-rvb\" class=\"wp-image-1572\" \/><\/span><\/a>\n\t\t\t<\/div>\n\t\t\t<\/div><div class=\"et_d4_element et_pb_column_1_4 et_pb_column et_pb_column_7  et_pb_css_mix_blend_mode et-last-child et_block_column\">\n\t\t\t\t\n\t\t\t\t\n\t\t\t\t\n\t\t\t\t\n\t\t\t\t<div class=\"et_pb_module et_d4_element et_pb_image et_pb_image_6\">\n\t\t\t\t\n\t\t\t\t\n\t\t\t\t\n\t\t\t\t\n\t\t\t\t<a href=\"http:\/\/www.metropolregion.de\/france\" target=\"_blank\"><span class=\"et_pb_image_wrap \"><img loading=\"lazy\" decoding=\"async\" width=\"179\" height=\"80\" src=\"https:\/\/www.kinema.fr\/wp-content\/uploads\/2024\/12\/AM_MR_Verbundlogo.jpg\" alt=\"\" title=\"Logo de l&#039;alliance AM_MR\" class=\"wp-image-375\" \/><\/span><\/a>\n\t\t\t<\/div><div class=\"et_pb_module et_d4_element et_pb_image et_pb_image_7\">\n\t\t\t\t\n\t\t\t\t\n\t\t\t\t\n\t\t\t\t\n\t\t\t\t<span class=\"et_pb_image_wrap \"><img loading=\"lazy\" decoding=\"async\" width=\"100\" height=\"62\" src=\"https:\/\/www.kinema.fr\/wp-content\/uploads\/2024\/12\/Logo-Kinema-eV.jpg\" alt=\"\" title=\"Logo-Kinema-eV\" class=\"wp-image-380\" \/><\/span>\n\t\t\t<\/div>\n\t\t\t<\/div>\n\t\t\t\t\n\t\t\t\t\n\t\t\t\t\n\t\t\t\t\n\t\t\t<\/div>\n\t\t\t\t\n\t\t\t\t\n\t\t\t<\/div><div class=\"et_d4_element et_pb_section et_pb_section_4 et_pb_with_background  et_pb_css_mix_blend_mode et_section_regular et_block_section\" >\n\t\t\t\t\n\t\t\t\t\n\t\t\t\t\n\t\t\t\t\n\t\t\t\t\n\t\t\t\t\n\t\t\t\t<div class=\"et_d4_element et_pb_row et_pb_row_5 et_pb_equal_columns  et_pb_css_mix_blend_mode et_block_row\">\n\t\t\t\t<div class=\"et_d4_element et_pb_column_1_4 et_pb_column et_pb_column_8  et_pb_css_mix_blend_mode et_block_column\">\n\t\t\t\t\n\t\t\t\t\n\t\t\t\t\n\t\t\t\t\n\t\t\t\t<div class=\"et_pb_module et_d4_element et_pb_text et_pb_text_2  et_pb_text_align_left et_pb_bg_layout_dark\">\n\t\t\t\t\n\t\t\t\t\n\t\t\t\t\n\t\t\t\t\n\t\t\t\t<div class=\"et_pb_text_inner\"><h2>KINEMA<\/h2><\/div>\n\t\t\t<\/div>\n\t\t\t<\/div><div class=\"et_d4_element et_pb_column_1_4 et_pb_column et_pb_column_9  et_pb_css_mix_blend_mode et_block_column et_pb_column_empty\">\n\t\t\t\t\n\t\t\t\t\n\t\t\t\t\n\t\t\t\t\n\t\t\t\t\n\t\t\t<\/div><div class=\"et_d4_element et_pb_column_1_4 et_pb_column et_pb_column_10  et_pb_css_mix_blend_mode et_block_column\">\n\t\t\t\t\n\t\t\t\t\n\t\t\t\t\n\t\t\t\t\n\t\t\t\t<div class=\"et_pb_module et_d4_element et_pb_text et_pb_text_4  et_pb_text_align_left et_pb_bg_layout_dark\">\n\t\t\t\t\n\t\t\t\t\n\t\t\t\t\n\t\t\t\t\n\t\t\t\t<div class=\"et_pb_text_inner\"><h4>Films<\/h4>\n<p><a href=\"\/?page_id=1233\">LE RENDEZ-VOUS DE L'\u00c9T\u00c9<\/a><\/p>\n<p><a href=\"\/?page_id=1233\">MIROIRS NO. 3<\/a><\/p>\n<p><a href=\"\/?page_id=1233\">ZION<\/a><\/div>\n\t\t\t<\/div>\n\t\t\t<\/div><div class=\"et_d4_element et_pb_column_1_4 et_pb_column et_pb_column_11  et_pb_css_mix_blend_mode et-last-child et_block_column\">\n\t\t\t\t\n\t\t\t\t\n\t\t\t\t\n\t\t\t\t\n\t\t\t\t<div class=\"et_pb_module et_d4_element et_pb_text et_pb_text_5  et_pb_text_align_left et_pb_bg_layout_dark\">\n\t\t\t\t\n\t\t\t\t\n\t\t\t\t\n\t\t\t\t\n\t\t\t\t<div class=\"et_pb_text_inner\"><h4>Info<\/h4>\n<p><a href=\"\/?page_id=1225\">Contact<\/a><\/p>\n<p><a href=\"\/?page_id=1651\">Mentions l\u00e9gales<\/a><\/p>\n<p><a href=\"\/?page_id=2239\">Politique de confidentialit\u00e9<\/a><\/p>\n<p><a href=\"\/?page_id=1243\">Calendrier<\/a><\/p><\/div>\n\t\t\t<\/div>\n\t\t\t<\/div>\n\t\t\t\t\n\t\t\t\t\n\t\t\t\t\n\t\t\t\t\n\t\t\t<\/div>\n\t\t\t\t\n\t\t\t\t\n\t\t\t<\/div><\/p>\n","protected":false},"excerpt":{"rendered":"","protected":false},"author":1,"featured_media":0,"parent":0,"menu_order":0,"comment_status":"closed","ping_status":"closed","template":"","meta":{"_et_pb_use_builder":"on","_et_pb_old_content":"","_et_gb_content_width":"","footnotes":""},"class_list":["post-2690","page","type-page","status-publish","hentry"],"yoast_head":"<!-- This site is optimized with the Yoast SEO plugin v27.4 - https:\/\/yoast.com\/product\/yoast-seo-wordpress\/ -->\n<title>LE RUBAN BLANC | KINEMA - Deutsch-Franz\u00f6sische Begegnungen rund ums Kino<\/title>\n<meta name=\"description\" content=\"KINEMA versteht sich als dialogisch ausgerichtetes Projekt. Seine wesentlichen Aufgaben bestehen darin, den Dialog \u00fcber kulturelle und sprachliche Grenzen hinweg zu f\u00f6rdern und den Dialog zwischen Filmkunst und Filmerziehung zu intensivieren.\" \/>\n<meta name=\"robots\" content=\"index, follow, max-snippet:-1, max-image-preview:large, max-video-preview:-1\" \/>\n<link rel=\"canonical\" href=\"https:\/\/www.kinema.fr\/fr\/le-ruban-blanc\/\" \/>\n<meta property=\"og:locale\" content=\"fr_FR\" \/>\n<meta property=\"og:type\" content=\"article\" \/>\n<meta property=\"og:title\" content=\"LE RUBAN BLANC | KINEMA - Deutsch-Franz\u00f6sische Begegnungen rund ums Kino\" \/>\n<meta property=\"og:description\" content=\"KINEMA versteht sich als dialogisch ausgerichtetes Projekt. Seine wesentlichen Aufgaben bestehen darin, den Dialog \u00fcber kulturelle und sprachliche Grenzen hinweg zu f\u00f6rdern und den Dialog zwischen Filmkunst und Filmerziehung zu intensivieren.\" \/>\n<meta property=\"og:url\" content=\"https:\/\/www.kinema.fr\/fr\/le-ruban-blanc\/\" \/>\n<meta property=\"og:site_name\" content=\"KINEMA - Deutsch-Franz\u00f6sische Begegnungen rund ums Kino\" \/>\n<meta property=\"article:modified_time\" content=\"2026-04-09T10:16:59+00:00\" \/>\n<meta name=\"twitter:card\" content=\"summary_large_image\" \/>\n<meta name=\"twitter:label1\" content=\"Dur\u00e9e de lecture estim\u00e9e\" \/>\n\t<meta name=\"twitter:data1\" content=\"8 minutes\" \/>\n<script type=\"application\/ld+json\" class=\"yoast-schema-graph\">{\"@context\":\"https:\\\/\\\/schema.org\",\"@graph\":[{\"@type\":\"WebPage\",\"@id\":\"https:\\\/\\\/www.kinema.fr\\\/fr\\\/le-ruban-blanc\\\/\",\"url\":\"https:\\\/\\\/www.kinema.fr\\\/fr\\\/le-ruban-blanc\\\/\",\"name\":\"LE RUBAN BLANC | KINEMA - Deutsch-Franz\u00f6sische Begegnungen rund ums Kino\",\"isPartOf\":{\"@id\":\"https:\\\/\\\/www.kinema.fr\\\/fr\\\/#website\"},\"datePublished\":\"2025-11-10T06:49:12+00:00\",\"dateModified\":\"2026-04-09T10:16:59+00:00\",\"description\":\"KINEMA versteht sich als dialogisch ausgerichtetes Projekt. Seine wesentlichen Aufgaben bestehen darin, den Dialog \u00fcber kulturelle und sprachliche Grenzen hinweg zu f\u00f6rdern und den Dialog zwischen Filmkunst und Filmerziehung zu intensivieren.\",\"breadcrumb\":{\"@id\":\"https:\\\/\\\/www.kinema.fr\\\/fr\\\/le-ruban-blanc\\\/#breadcrumb\"},\"inLanguage\":\"fr-FR\",\"potentialAction\":[{\"@type\":\"ReadAction\",\"target\":[\"https:\\\/\\\/www.kinema.fr\\\/fr\\\/le-ruban-blanc\\\/\"]}]},{\"@type\":\"BreadcrumbList\",\"@id\":\"https:\\\/\\\/www.kinema.fr\\\/fr\\\/le-ruban-blanc\\\/#breadcrumb\",\"itemListElement\":[{\"@type\":\"ListItem\",\"position\":1,\"name\":\"Startseite\",\"item\":\"https:\\\/\\\/www.kinema.fr\\\/fr\\\/\"},{\"@type\":\"ListItem\",\"position\":2,\"name\":\"LE RUBAN BLANC\"}]},{\"@type\":\"WebSite\",\"@id\":\"https:\\\/\\\/www.kinema.fr\\\/fr\\\/#website\",\"url\":\"https:\\\/\\\/www.kinema.fr\\\/fr\\\/\",\"name\":\"KINEMA - DEUTSCH-FRANZ\u00d6SISCHE BEGEGNUNGEN RUND UMS KINO\",\"description\":\"Filmkulturelle Erziehung und interkulturellen Lernen\",\"publisher\":{\"@id\":\"https:\\\/\\\/www.kinema.fr\\\/fr\\\/#organization\"},\"potentialAction\":[{\"@type\":\"SearchAction\",\"target\":{\"@type\":\"EntryPoint\",\"urlTemplate\":\"https:\\\/\\\/www.kinema.fr\\\/fr\\\/?s={search_term_string}\"},\"query-input\":{\"@type\":\"PropertyValueSpecification\",\"valueRequired\":true,\"valueName\":\"search_term_string\"}}],\"inLanguage\":\"fr-FR\"},{\"@type\":\"Organization\",\"@id\":\"https:\\\/\\\/www.kinema.fr\\\/fr\\\/#organization\",\"name\":\"KINEMA\",\"url\":\"https:\\\/\\\/www.kinema.fr\\\/fr\\\/\",\"logo\":{\"@type\":\"ImageObject\",\"inLanguage\":\"fr-FR\",\"@id\":\"https:\\\/\\\/www.kinema.fr\\\/fr\\\/#\\\/schema\\\/logo\\\/image\\\/\",\"url\":\"https:\\\/\\\/www.kinema.fr\\\/wp-content\\\/uploads\\\/2024\\\/12\\\/Screenshot-2024-11-25-213044.png\",\"contentUrl\":\"https:\\\/\\\/www.kinema.fr\\\/wp-content\\\/uploads\\\/2024\\\/12\\\/Screenshot-2024-11-25-213044.png\",\"width\":417,\"height\":240,\"caption\":\"KINEMA\"},\"image\":{\"@id\":\"https:\\\/\\\/www.kinema.fr\\\/fr\\\/#\\\/schema\\\/logo\\\/image\\\/\"}}]}<\/script>\n<!-- \/ Yoast SEO plugin. -->","yoast_head_json":{"title":"LE RUBAN BLANC | KINEMA - Deutsch-Franz\u00f6sische Begegnungen rund ums Kino","description":"KINEMA versteht sich als dialogisch ausgerichtetes Projekt. Seine wesentlichen Aufgaben bestehen darin, den Dialog \u00fcber kulturelle und sprachliche Grenzen hinweg zu f\u00f6rdern und den Dialog zwischen Filmkunst und Filmerziehung zu intensivieren.","robots":{"index":"index","follow":"follow","max-snippet":"max-snippet:-1","max-image-preview":"max-image-preview:large","max-video-preview":"max-video-preview:-1"},"canonical":"https:\/\/www.kinema.fr\/fr\/le-ruban-blanc\/","og_locale":"fr_FR","og_type":"article","og_title":"LE RUBAN BLANC | KINEMA - Deutsch-Franz\u00f6sische Begegnungen rund ums Kino","og_description":"KINEMA versteht sich als dialogisch ausgerichtetes Projekt. Seine wesentlichen Aufgaben bestehen darin, den Dialog \u00fcber kulturelle und sprachliche Grenzen hinweg zu f\u00f6rdern und den Dialog zwischen Filmkunst und Filmerziehung zu intensivieren.","og_url":"https:\/\/www.kinema.fr\/fr\/le-ruban-blanc\/","og_site_name":"KINEMA - Deutsch-Franz\u00f6sische Begegnungen rund ums Kino","article_modified_time":"2026-04-09T10:16:59+00:00","twitter_card":"summary_large_image","twitter_misc":{"Dur\u00e9e de lecture estim\u00e9e":"8 minutes"},"schema":{"@context":"https:\/\/schema.org","@graph":[{"@type":"WebPage","@id":"https:\/\/www.kinema.fr\/fr\/le-ruban-blanc\/","url":"https:\/\/www.kinema.fr\/fr\/le-ruban-blanc\/","name":"LE RUBAN BLANC | KINEMA - Deutsch-Franz\u00f6sische Begegnungen rund ums Kino","isPartOf":{"@id":"https:\/\/www.kinema.fr\/fr\/#website"},"datePublished":"2025-11-10T06:49:12+00:00","dateModified":"2026-04-09T10:16:59+00:00","description":"KINEMA versteht sich als dialogisch ausgerichtetes Projekt. Seine wesentlichen Aufgaben bestehen darin, den Dialog \u00fcber kulturelle und sprachliche Grenzen hinweg zu f\u00f6rdern und den Dialog zwischen Filmkunst und Filmerziehung zu intensivieren.","breadcrumb":{"@id":"https:\/\/www.kinema.fr\/fr\/le-ruban-blanc\/#breadcrumb"},"inLanguage":"fr-FR","potentialAction":[{"@type":"ReadAction","target":["https:\/\/www.kinema.fr\/fr\/le-ruban-blanc\/"]}]},{"@type":"BreadcrumbList","@id":"https:\/\/www.kinema.fr\/fr\/le-ruban-blanc\/#breadcrumb","itemListElement":[{"@type":"ListItem","position":1,"name":"Startseite","item":"https:\/\/www.kinema.fr\/fr\/"},{"@type":"ListItem","position":2,"name":"LE RUBAN BLANC"}]},{"@type":"WebSite","@id":"https:\/\/www.kinema.fr\/fr\/#website","url":"https:\/\/www.kinema.fr\/fr\/","name":"KINEMA - DEUTSCH-FRANZ\u00d6SISCHE BEGEGNUNGEN RUND UMS KINO","description":"Filmkulturelle Erziehung und interkulturellen Lernen","publisher":{"@id":"https:\/\/www.kinema.fr\/fr\/#organization"},"potentialAction":[{"@type":"SearchAction","target":{"@type":"EntryPoint","urlTemplate":"https:\/\/www.kinema.fr\/fr\/?s={search_term_string}"},"query-input":{"@type":"PropertyValueSpecification","valueRequired":true,"valueName":"search_term_string"}}],"inLanguage":"fr-FR"},{"@type":"Organization","@id":"https:\/\/www.kinema.fr\/fr\/#organization","name":"KINEMA","url":"https:\/\/www.kinema.fr\/fr\/","logo":{"@type":"ImageObject","inLanguage":"fr-FR","@id":"https:\/\/www.kinema.fr\/fr\/#\/schema\/logo\/image\/","url":"https:\/\/www.kinema.fr\/wp-content\/uploads\/2024\/12\/Screenshot-2024-11-25-213044.png","contentUrl":"https:\/\/www.kinema.fr\/wp-content\/uploads\/2024\/12\/Screenshot-2024-11-25-213044.png","width":417,"height":240,"caption":"KINEMA"},"image":{"@id":"https:\/\/www.kinema.fr\/fr\/#\/schema\/logo\/image\/"}}]}},"_links":{"self":[{"href":"https:\/\/www.kinema.fr\/fr\/wp-json\/wp\/v2\/pages\/2690","targetHints":{"allow":["GET"]}}],"collection":[{"href":"https:\/\/www.kinema.fr\/fr\/wp-json\/wp\/v2\/pages"}],"about":[{"href":"https:\/\/www.kinema.fr\/fr\/wp-json\/wp\/v2\/types\/page"}],"author":[{"embeddable":true,"href":"https:\/\/www.kinema.fr\/fr\/wp-json\/wp\/v2\/users\/1"}],"replies":[{"embeddable":true,"href":"https:\/\/www.kinema.fr\/fr\/wp-json\/wp\/v2\/comments?post=2690"}],"version-history":[{"count":7,"href":"https:\/\/www.kinema.fr\/fr\/wp-json\/wp\/v2\/pages\/2690\/revisions"}],"predecessor-version":[{"id":2939,"href":"https:\/\/www.kinema.fr\/fr\/wp-json\/wp\/v2\/pages\/2690\/revisions\/2939"}],"wp:attachment":[{"href":"https:\/\/www.kinema.fr\/fr\/wp-json\/wp\/v2\/media?parent=2690"}],"curies":[{"name":"wp","href":"https:\/\/api.w.org\/{rel}","templated":true}]}}